{"id":79,"date":"2017-11-20T22:14:42","date_gmt":"2017-11-20T21:14:42","guid":{"rendered":"http:\/\/taeryon.bayern\/WordPress_02\/?page_id=79"},"modified":"2018-07-04T10:58:27","modified_gmt":"2018-07-04T08:58:27","slug":"taekwondo","status":"publish","type":"page","link":"https:\/\/taeryon.bayern\/WordPress_02\/index.php\/taekwondo\/","title":{"rendered":"Taekwondo"},"content":{"rendered":"<div id=\"Layer4\">\n<h4><span style=\"font-family: verdana, geneva, sans-serif; font-size: 10pt;\">Taekwon-Do<\/span><\/h4>\n<p><span style=\"font-family: verdana, geneva, sans-serif; font-size: 10pt;\">Im TKD gibt es im wesentlichen zwei Stil-Richtungen. Das ist die traditionelle und daraus weiterentwickelte Form der ITF (International Taekwondo Federation) und die sportliche auf den Wettkampf ausgerichtete Form der WT (World Taekwondo).<br \/>\n<\/span><br \/>\n<span style=\"font-family: verdana, geneva, sans-serif; font-size: 10pt;\"> Die urspr\u00fcngliche traditionelle Form des TKD aus der auch unser Verein hervorgegangen ist, beruht auf dem Formensystem der 20 Hyongs. Die Weiterentwicklung der traditionellen Schule brachte dann das Formensystem der Tuls hervor, die auf 24 Formen erweitert wurden, die die 24 Stunden eines Tages symbolisieren. Die WT (fr\u00fcher WTF) wurde 1972 gegr\u00fcndet und entwickelte ein neues Formensystem der Taeguk und Poomsae.<br \/>\n<\/span><br \/>\n<span style=\"font-family: verdana, geneva, sans-serif; font-size: 10pt;\"> Die wesentlichen Unterschiede der verschiedenen Stil-Richtungen liegen in der Ausf\u00fchrung der Formen (Hyong, Tul, Taeguk & Poomsae) und der Art des Wettkampfes. Im traditionellen Bereich wird der Kampf ohne Kontakt oder mit Semi-Kontakt ausgef\u00fchrt, w\u00e4hrend die WT den Wettkampf im Vollkontakt mit Schutzausr\u00fcstung eingef\u00fchrt und bis zur olympischen Disziplin weiter entwickelt hat. Seit 2000 ist diese Form des Wettkampfes olympisch.<\/span><\/p>\n<p><span style=\"font-family: verdana, geneva, sans-serif; font-size: 10pt;\"><a href=\"https:\/\/de.wikipedia.org\/wiki\/Taekwondo\" target=\"_blank\" rel=\"noopener\">Siehe auch Wikipedia <\/a><\/span><\/p>\n<h4><span style=\"font-family: verdana, geneva, sans-serif; font-size: 10pt;\">Unser Weg des Taekwon-Do<\/span><\/h4>\n<p><span style=\"font-family: verdana, geneva, sans-serif; font-size: 10pt;\">In den traditionelleren Taekwondo-Schulen werden Bewegungen meist, dem Karate \u00e4hnlich, zwischen Positionen mit tiefem und und breitem Stand durchgef\u00fchrt. Der K\u00f6rperschwerpunkt wird kontinuierlich niedrig gehalten und m\u00f6glichst auf einer Linie bewegt. Die Formen werden k\u00e4mpferisch als Kriegskunst interpretiert und die Techniken deshalb mit Kraft und Pr\u00e4zision ausgef\u00fchrt.<\/span><\/p>\n<p><span style=\"font-family: verdana, geneva, sans-serif; font-size: 10pt;\">Die moderne, wettkampforientierte Richtung ging zu h\u00f6heren St\u00e4nden \u00fcber. Zwischen einzelnen Positionen im Formenlauf wird der K\u00f6rper deutlich mehr auf und ab bewegt. Die Formen werden als Bewegungsformen interpretiert und zeigen nicht mehr den k\u00e4mpferischen Ausdruck. Im Kampf werden Schnelligkeit, Taktik und Zielgenauigkeit ge\u00fcbt. Die Ausf\u00fchrung der Technik selbst tritt in den Hintergrund, da im Zuge der Einf\u00fchrung der elektronischen Westen letztendlich keine Wirkungstreffer mehr erzielt werden m\u00fcssen.<\/span><\/p>\n<p><span style=\"font-family: verdana, geneva, sans-serif; font-size: 10pt;\"> Wir versuchen \u201edas Beste\u201c aus den jeweiligen verschiedenen TKD Stilrichtungen zu vereinen und zu lehren. Aus dem traditionellen System die Formen und die Art sie zu interpretieren und aus dem modernen Wettkampf die Schnelligkeit, Taktik und Zielgenauigkeit. Wir lehren die Taeguk\/Poomsae und alle 24 traditionellen Formen (Hyongs, TULs). Die traditionellen Formen interpretieren und laufen wir im urspr\u00fcnglichen Hyong-Stil ohne den Sinus-Rhythmus. Wir trainieren den traditionellen Kampf (ohne Kontakt) versuchen aber auch hier die Taktik, Schnelligkeit und Beweglichkeit des WT Wettkampfsystems einzubringen als auch den modernen Wettkampf mit Vollkontakt und Schutzausr\u00fcstung.<\/span><\/p>\n<\/div>\n","protected":false},"excerpt":{"rendered":"<p>Taekwon-Do Im TKD gibt es im wesentlichen zwei Stil-Richtungen. Das ist die traditionelle und daraus weiterentwickelte Form der ITF (International Taekwondo Federation) und die sportliche auf den Wettkampf ausgerichtete Form &hellip; <\/p>\n<p class=\"link-more\"><a href=\"https:\/\/taeryon.bayern\/WordPress_02\/index.php\/taekwondo\/\" class=\"more-link\"><span class=\"screen-reader-text\">\u201eTaekwondo\u201c<\/span> weiterlesen<\/a><\/p>\n","protected":false},"author":1,"featured_media":0,"parent":0,"menu_order":4,"comment_status":"closed","ping_status":"closed","template":"","meta":{"ngg_post_thumbnail":0,"footnotes":""},"_links":{"self":[{"href":"https:\/\/taeryon.bayern\/WordPress_02\/index.php\/wp-json\/wp\/v2\/pages\/79"}],"collection":[{"href":"https:\/\/taeryon.bayern\/WordPress_02\/index.php\/wp-json\/wp\/v2\/pages"}],"about":[{"href":"https:\/\/taeryon.bayern\/WordPress_02\/index.php\/wp-json\/wp\/v2\/types\/page"}],"author":[{"embeddable":true,"href":"https:\/\/taeryon.bayern\/WordPress_02\/index.php\/wp-json\/wp\/v2\/users\/1"}],"replies":[{"embeddable":true,"href":"https:\/\/taeryon.bayern\/WordPress_02\/index.php\/wp-json\/wp\/v2\/comments?post=79"}],"version-history":[{"count":11,"href":"https:\/\/taeryon.bayern\/WordPress_02\/index.php\/wp-json\/wp\/v2\/pages\/79\/revisions"}],"predecessor-version":[{"id":2008,"href":"https:\/\/taeryon.bayern\/WordPress_02\/index.php\/wp-json\/wp\/v2\/pages\/79\/revisions\/2008"}],"wp:attachment":[{"href":"https:\/\/taeryon.bayern\/WordPress_02\/index.php\/wp-json\/wp\/v2\/media?parent=79"}],"curies":[{"name":"wp","href":"https:\/\/api.w.org\/{rel}","templated":true}]}}