{"id":75,"date":"2021-06-13T08:00:56","date_gmt":"2021-06-13T06:00:56","guid":{"rendered":"http:\/\/taeryon.bayern\/WordPress_02\/?page_id=75"},"modified":"2021-06-13T08:43:01","modified_gmt":"2021-06-13T06:43:01","slug":"wir-ueber-uns","status":"publish","type":"page","link":"https:\/\/taeryon.bayern\/WordPress_02\/index.php\/verein\/wir-ueber-uns\/","title":{"rendered":"Wir \u00fcber uns&#8230;"},"content":{"rendered":"<div id=\"Layer4\">\n<h4><span style=\"font-family: verdana, geneva, sans-serif; font-size: 10pt;\">\u00dcber uns \u2026<\/span><\/h4>\n<p><span style=\"font-family: verdana, geneva, sans-serif; font-size: 10pt;\">Taeryon e.V. wurde am 17.6.2001 gegr\u00fcndet und ist ein gemeinn\u00fctziger, \u00fcberregionaler Taekwon-Do Verein mit Sitz in Olching. Heute trainieren wir neben dem traditionellen auch das moderne Taekwondo der WT (World Taekwondo).<br \/>\n<\/span><\/p>\n<h4><span style=\"font-family: verdana, geneva, sans-serif; font-size: 10pt;\">Woher kommen wir<\/span><\/h4>\n<p><span style=\"font-family: verdana, geneva, sans-serif; font-size: 10pt;\">Im Jahr 1965 kam ein koreanisches Taekwondo Demo-Team unter anderem nach Deutschland, um TKD bekannt zu machen und zu verbreiten. Kwon Jae-Hwa (7. Dan) war ein Mitglied dieses Teams und begann ab 1966 in M\u00fcnchen TKD zu unterrichten. Er suchte zur damaligen Zeit f\u00fcr seine Schule nach weiteren Trainern und einer seiner ersten Co-Trainer war der heutige Gro\u00dfmeister Song, Chae-Yong (7. Dan und langj\u00e4hriger Chef-Trainer an der VHS M\u00fcnchen).<\/span><\/p>\n<p><span style=\"font-family: verdana, geneva, sans-serif; font-size: 10pt;\">Meister Song, Chae-Yong hatte als Jugendlicher in Seoul unter Hwang Kee mit dem Tang Soo Do begonnen und legte unter ihm die Pr\u00fcfung zum 2. Dan im Tang Soo Do ab. Als er 1961 zum Milit\u00e4rdienst eingezogen wurde, war General Choi, der Begr\u00fcnder von Taekwondo, gerade als Leiter des Ausbildungslagers versetzt worden. Dort war Meister Song dann zusammen mit einem weiteren DAN-Tr\u00e4ger Taekwondo Milit\u00e4rtrainer. 1968 kam er dann aufgrund eines Stipendiums des Goethe Instituts nach M\u00fcnchen. Zuvor hatte er bereits sein Germanistik-Studium in Seoul abgeschlossen. In M\u00fcnchen lernte er Meister Kwon, Jae-Hwa, kennen, mit dem er ma\u00dfgebliche Pionierarbeit in der Verbreitung von Taekwondo in Deutschland leistete.<\/span><\/p>\n<p><span style=\"font-family: verdana, geneva, sans-serif; font-size: 10pt;\">Unser Verein ist aus der Tradition von Gro\u00dfmeister Song, Chae-Yong hervorgegangen, der uns w\u00e4hrend der Gr\u00fcndungsphase im Jahr 2001 und den ersten Aufbaujahren wesentlich unterst\u00fctzt hat. Gro\u00dfmeister Song, Chae-Yong ist 2020 leider verstorben.<\/span><\/p>\n<\/div>\n","protected":false},"excerpt":{"rendered":"<p>\u00dcber uns \u2026 Taeryon e.V. wurde am 17.6.2001 gegr\u00fcndet und ist ein gemeinn\u00fctziger, \u00fcberregionaler Taekwon-Do Verein mit Sitz in Olching. Heute trainieren wir neben dem traditionellen auch das moderne Taekwondo &hellip; <\/p>\n<p class=\"link-more\"><a href=\"https:\/\/taeryon.bayern\/WordPress_02\/index.php\/verein\/wir-ueber-uns\/\" class=\"more-link\"><span class=\"screen-reader-text\">\u201eWir \u00fcber uns&#8230;\u201c<\/span> weiterlesen<\/a><\/p>\n","protected":false},"author":1,"featured_media":0,"parent":510,"menu_order":0,"comment_status":"closed","ping_status":"closed","template":"","meta":{"ngg_post_thumbnail":0,"footnotes":""},"_links":{"self":[{"href":"https:\/\/taeryon.bayern\/WordPress_02\/index.php\/wp-json\/wp\/v2\/pages\/75"}],"collection":[{"href":"https:\/\/taeryon.bayern\/WordPress_02\/index.php\/wp-json\/wp\/v2\/pages"}],"about":[{"href":"https:\/\/taeryon.bayern\/WordPress_02\/index.php\/wp-json\/wp\/v2\/types\/page"}],"author":[{"embeddable":true,"href":"https:\/\/taeryon.bayern\/WordPress_02\/index.php\/wp-json\/wp\/v2\/users\/1"}],"replies":[{"embeddable":true,"href":"https:\/\/taeryon.bayern\/WordPress_02\/index.php\/wp-json\/wp\/v2\/comments?post=75"}],"version-history":[{"count":15,"href":"https:\/\/taeryon.bayern\/WordPress_02\/index.php\/wp-json\/wp\/v2\/pages\/75\/revisions"}],"predecessor-version":[{"id":3062,"href":"https:\/\/taeryon.bayern\/WordPress_02\/index.php\/wp-json\/wp\/v2\/pages\/75\/revisions\/3062"}],"up":[{"embeddable":true,"href":"https:\/\/taeryon.bayern\/WordPress_02\/index.php\/wp-json\/wp\/v2\/pages\/510"}],"wp:attachment":[{"href":"https:\/\/taeryon.bayern\/WordPress_02\/index.php\/wp-json\/wp\/v2\/media?parent=75"}],"curies":[{"name":"wp","href":"https:\/\/api.w.org\/{rel}","templated":true}]}}