{"id":1968,"date":"2022-11-26T08:00:02","date_gmt":"2022-11-26T07:00:02","guid":{"rendered":"http:\/\/taeryon.bayern\/WordPress_02\/?page_id=1968"},"modified":"2022-11-26T14:48:52","modified_gmt":"2022-11-26T13:48:52","slug":"pruefungsordnung-kinder","status":"publish","type":"page","link":"https:\/\/taeryon.bayern\/WordPress_02\/index.php\/taekwondo\/theorie\/pruefungsordnung\/pruefungsordnung-kinder\/","title":{"rendered":"Pr\u00fcfungsordnung Kinder"},"content":{"rendered":"<p><span style=\"font-family: Verdana, Arial, Helvetica, sans-serif; font-size: 10pt;\">Die Pr\u00fcfungsordnung f\u00fcr Kinder ist abweichend zu den Erwachsenen auf deren Bed\u00fcrfnissen nach Anerkennug und den unterschiedlichen Lernfortschritten, zum Beispiel bedingt durch Altersunterschiede, angepasst.<\/span><\/p>\n<p><span style=\"font-size: 10pt;\"><span style=\"font-family: verdana, geneva, sans-serif;\">Hier gibt es zus\u00e4tzlich noch die sogenannte \u201eSternchen-Graduierung\u201c zwischen den normalen G\u00fcrtelfarben. Damit ist der Leistungsanspruch an die Kinder zur Pr\u00fcfungszulassung deutlich niedriger. Dies erm\u00f6glicht eigentlich jedem Kind, sofern es regelm\u00e4\u00dfig trainiert, die Voraussetzungen zur Teilnahme zu erreichen und regelm\u00e4\u00dfig an der G\u00fcrtelpr\u00fcfung teilzunehmen.<\/span> <\/span><\/p>\n<p><span style=\"font-size: 10pt;\"><span style=\"font-family: verdana, geneva, sans-serif;\">PDF: <a href=\"https:\/\/taeryon.bayern\/WordPress_02\/wp-content\/uploads\/2022\/11\/Taeryon-Pruefungsordnung-Kinder-2022-09-01.pdf\" target=\"_blank\" rel=\"noopener\">Pr\u00fcfungsordnung Kinder<\/a><\/span><\/span><\/p>\n<p><span style=\"font-size: 10pt;\"><span style=\"font-family: verdana, geneva, sans-serif;\">PDF: <a href=\"https:\/\/taeryon.bayern\/WordPress_02\/wp-content\/uploads\/2022\/11\/Pruefungs-Woerter-2022-09-01.pdf\" target=\"_blank\" rel=\"noopener\">Pr\u00fcfungsw\u00f6rter Kinder<\/a><\/span><\/span> \u2014 <a href=\"https:\/\/taeryon.bayern\/WordPress_02\/index.php\/taekwondo\/theorie\/koreanische-ausdruecke\/\" target=\"_blank\" rel=\"noopener\"><span style=\"font-size: 10pt; font-family: verdana, geneva, sans-serif;\">Weitere koreanische Ausdr\u00fccke<\/span><\/a><\/p>\n","protected":false},"excerpt":{"rendered":"<p>Die Pr\u00fcfungsordnung f\u00fcr Kinder ist abweichend zu den Erwachsenen auf deren Bed\u00fcrfnissen nach Anerkennug und den unterschiedlichen Lernfortschritten, zum Beispiel bedingt durch Altersunterschiede, angepasst. Hier gibt es zus\u00e4tzlich noch die &hellip; <\/p>\n<p class=\"link-more\"><a href=\"https:\/\/taeryon.bayern\/WordPress_02\/index.php\/taekwondo\/theorie\/pruefungsordnung\/pruefungsordnung-kinder\/\" class=\"more-link\"><span class=\"screen-reader-text\">\u201ePr\u00fcfungsordnung Kinder\u201c<\/span> weiterlesen<\/a><\/p>\n","protected":false},"author":2,"featured_media":0,"parent":150,"menu_order":0,"comment_status":"closed","ping_status":"closed","template":"","meta":{"ngg_post_thumbnail":0,"footnotes":""},"_links":{"self":[{"href":"https:\/\/taeryon.bayern\/WordPress_02\/index.php\/wp-json\/wp\/v2\/pages\/1968"}],"collection":[{"href":"https:\/\/taeryon.bayern\/WordPress_02\/index.php\/wp-json\/wp\/v2\/pages"}],"about":[{"href":"https:\/\/taeryon.bayern\/WordPress_02\/index.php\/wp-json\/wp\/v2\/types\/page"}],"author":[{"embeddable":true,"href":"https:\/\/taeryon.bayern\/WordPress_02\/index.php\/wp-json\/wp\/v2\/users\/2"}],"replies":[{"embeddable":true,"href":"https:\/\/taeryon.bayern\/WordPress_02\/index.php\/wp-json\/wp\/v2\/comments?post=1968"}],"version-history":[{"count":10,"href":"https:\/\/taeryon.bayern\/WordPress_02\/index.php\/wp-json\/wp\/v2\/pages\/1968\/revisions"}],"predecessor-version":[{"id":3303,"href":"https:\/\/taeryon.bayern\/WordPress_02\/index.php\/wp-json\/wp\/v2\/pages\/1968\/revisions\/3303"}],"up":[{"embeddable":true,"href":"https:\/\/taeryon.bayern\/WordPress_02\/index.php\/wp-json\/wp\/v2\/pages\/150"}],"wp:attachment":[{"href":"https:\/\/taeryon.bayern\/WordPress_02\/index.php\/wp-json\/wp\/v2\/media?parent=1968"}],"curies":[{"name":"wp","href":"https:\/\/api.w.org\/{rel}","templated":true}]}}