{"id":1965,"date":"2018-04-10T16:47:28","date_gmt":"2018-04-10T14:47:28","guid":{"rendered":"http:\/\/taeryon.bayern\/WordPress_02\/?page_id=1965"},"modified":"2018-06-22T10:47:39","modified_gmt":"2018-06-22T08:47:39","slug":"pruefungsordnung-erwachsene","status":"publish","type":"page","link":"https:\/\/taeryon.bayern\/WordPress_02\/index.php\/taekwondo\/theorie\/pruefungsordnung\/pruefungsordnung-erwachsene\/","title":{"rendered":"Pr\u00fcfungsordnung Erwachsene"},"content":{"rendered":"<p><span style=\"font-family: verdana, geneva, sans-serif; font-size: 10pt;\">Die Mindestanzahl an geforderten Trainingseinheiten (TE) berechnet sich ab der vorhergehenden Pr\u00fcfung und sollte zeitlich zusammenh\u00e4ngend sein. Eine Trainingseinheit entspricht 60 Minuten.<\/span><\/p>\n<p><span style=\"font-family: verdana, geneva, sans-serif; font-size: 10pt;\">Ab der Pr\u00fcfung zum 1. Kup (braun\/schwarz) ist die Teilnahme an Seminaren nachzuweisen. F\u00fcr eine Stunde Teilnahme an einem Seminar werden zwei Seminarpunkte vergeben. Die gesammelten Seminarpunkte (SP) sind f\u00fcr alle Pr\u00fcfungen g\u00fcltig und verfallen nicht. Anerkannt werden alle Seminare des Vereins und von anderen Kampfsportschulen, unabh\u00e4ngig von der Kampfsportart.<\/span><\/p>\n<p><span style=\"font-family: verdana, geneva, sans-serif; font-size: 10pt;\">Da die Kommandos in der Regel auf koreanisch gegeben werden, sollte der Pr\u00fcfling einen Grundwortschatz beherrschen. Dieser ist Pr\u00fcfungsbestandteil und wird meistens im Training bereits abgefragt. F\u00fcr die pr\u00fcfungsrelevanten Ausdr\u00fccke bitte hier klicken -><a href=\"https:\/\/taeryon.bayern\/WordPress_02\/wp-content\/uploads\/2018\/06\/pruefungs_woerter.pdf\" target=\"_blank\" rel=\"noopener\">Pr\u00fcfungsausdr\u00fccke Erwachsene<\/a><\/span> \u2014 <span style=\"font-family: verdana, geneva, sans-serif; font-size: 10pt;\"><a href=\"https:\/\/taeryon.bayern\/WordPress_02\/index.php\/taekwondo\/theorie\/koreanische-ausdruecke\/\" target=\"_blank\" rel=\"noopener\">Weitere koreanische Ausdr\u00fccke<\/a>.<\/span><\/p>\n<p><span style=\"font-family: verdana, geneva, sans-serif; font-size: 10pt;\">Gepr\u00fcft wird immer das gesamte Pr\u00fcfungsprogramm bis zur n\u00e4chst h\u00f6heren Kup-Stufe. Wird zum Beispiel die Pr\u00fcfung zum 5. Kup abgelegt, dann werden alle Anforderungen ab dem 9. Kup \u00fcberpr\u00fcft.<\/span><\/p>\n<table style=\"height: 3256px;\" width=\"648\" cellspacing=\"0\" cellpadding=\"0\" border=\"1\">\n<tbody>\n<tr valign=\"top\">\n<td width=\"15%\">\n<div align=\"center\"><span style=\"font-size: 10pt;\"><b><span style=\"font-family: Verdana, Arial, Helvetica, sans-serif;\">Pr\u00fcfung zum\u2026<\/span><\/b><\/span><\/div>\n<\/td>\n<td width=\"55%\"><span style=\"font-size: 10pt;\"><b><span style=\"font-family: Verdana, Arial, Helvetica, sans-serif;\">Programm<\/span><\/b><\/span><\/td>\n<td width=\"11%\">\n<div align=\"center\"><span style=\"font-size: 10pt;\"><b><span style=\"font-family: Verdana, Arial, Helvetica, sans-serif;\">TE \/ SP<\/span><\/b><\/span><\/div>\n<\/td>\n<td width=\"19%\">\n<div align=\"center\"><span style=\"font-size: 10pt;\"><b><span style=\"font-family: Verdana, Arial, Helvetica, sans-serif;\">Bruchtest<\/span><\/b><span style=\"font-family: Verdana, Arial, Helvetica, sans-serif;\"><br \/>\n<b>(*)<\/b>Ermessen des Pr\u00fcfers<\/span><\/span><\/div>\n<\/td>\n<\/tr>\n<tr valign=\"top\">\n<td width=\"15%\" height=\"53\">\n<div align=\"center\"><span style=\"font-family: Verdana, Arial, Helvetica, sans-serif; font-size: 10pt;\">9. Kup<\/span><\/div>\n<\/td>\n<td width=\"55%\" height=\"53\"><span style=\"font-family: Verdana, Arial, Helvetica, sans-serif; font-size: 10pt;\">Kreuz-Form-Unten-Block<br \/>\nKreuz-Form-Oben-Block<br \/>\nGrundtechniken<br \/>\n1-Kick-1-Kick<br \/>\n<\/span><\/td>\n<td width=\"11%\" height=\"53\">\n<div align=\"center\"><span style=\"font-family: Verdana, Arial, Helvetica, sans-serif; font-size: 10pt;\">15 \/ 0<\/span><\/div>\n<\/td>\n<td width=\"19%\" height=\"53\"><span style=\"font-family: Verdana, Arial, Helvetica, sans-serif; font-size: 10pt;\">.\/.<\/span><\/td>\n<\/tr>\n<tr valign=\"top\" bgcolor=\"#FFFF00\">\n<td width=\"15%\">\n<div align=\"center\"><span style=\"font-size: 10pt;\"><span style=\"font-family: Arial, Helvetica, sans-serif;\"><span style=\"font-family: Verdana, Arial, Helvetica, sans-serif;\">8. Kup<\/span><\/span><\/span><\/div>\n<\/td>\n<td width=\"55%\"><span style=\"font-family: Verdana, Arial, Helvetica, sans-serif; font-size: 10pt;\"><span style=\"font-family: Verdana, Arial, Helvetica, sans-serif;\">Chon-Ji-Hyong (1. Hyong)<br \/>\n\u00dcberpr\u00fcfung des Vorprogramms<br \/>\n5 Ilbo-Taeryon-Techniken (Einschrittkampf)<br \/>\n1-Kick-1-Kick<\/span><\/span><\/td>\n<td width=\"11%\">\n<div align=\"center\"><span style=\"font-family: Verdana, Arial, Helvetica, sans-serif; font-size: 10pt;\">15 \/ 0<\/span><\/div>\n<\/td>\n<td width=\"19%\"><span style=\"font-family: Verdana, Arial, Helvetica, sans-serif; font-size: 10pt;\">.\/.<\/span><\/td>\n<\/tr>\n<tr valign=\"top\" bgcolor=\"#FFFF00\">\n<td width=\"15%\">\n<div align=\"center\"><span style=\"font-size: 10pt;\"><span style=\"font-family: Arial, Helvetica, sans-serif;\"><span style=\"font-family: Verdana, Arial, Helvetica, sans-serif;\">7. Kup<\/span><\/span><\/span><\/div>\n<\/td>\n<td width=\"55%\"><span style=\"font-family: Verdana, Arial, Helvetica, sans-serif; font-size: 10pt;\"><span style=\"font-family: Verdana, Arial, Helvetica, sans-serif;\">Tan-Gun-Hyong (2. Hyong)<br \/>\n\u00dcberpr\u00fcfung des Vorprogramms<br \/>\n10 Ilbo-Taeryon-Techniken (Einschrittkampf)<br \/>\nChayu-Taeryon (Freikampf)<\/span><\/span><\/td>\n<td width=\"11%\">\n<div align=\"center\"><span style=\"font-family: Verdana, Arial, Helvetica, sans-serif; font-size: 10pt;\">20 \/ 0<\/span><\/div>\n<\/td>\n<td width=\"19%\"><span style=\"font-family: Verdana, Arial, Helvetica, sans-serif; font-size: 10pt;\">.\/.<\/span><\/td>\n<\/tr>\n<tr valign=\"top\" bgcolor=\"#99FF66\">\n<td width=\"15%\">\n<div align=\"center\"><span style=\"font-size: 10pt;\"><span style=\"font-family: Arial, Helvetica, sans-serif;\"><span style=\"font-family: Verdana, Arial, Helvetica, sans-serif;\">6. Kup<\/span><\/span><\/span><\/div>\n<\/td>\n<td width=\"55%\"><span style=\"font-family: Verdana, Arial, Helvetica, sans-serif; font-size: 10pt;\"><span style=\"font-family: Verdana, Arial, Helvetica, sans-serif;\">To-San (3. Hyong)<br \/>\n\u00dcberpr\u00fcfung des Vorprogramms<br \/>\n15 Ilbo-Taeryon-Techniken (Einschrittkampf)<br \/>\nChayu-Taeryon (Freikampf)<\/span><\/span><\/td>\n<td width=\"11%\">\n<div align=\"center\"><span style=\"font-family: Verdana, Arial, Helvetica, sans-serif; font-size: 10pt;\">20 \/ 0<\/span><\/div>\n<\/td>\n<td width=\"19%\"><span style=\"font-family: Verdana, Arial, Helvetica, sans-serif; font-size: 10pt;\">.\/.<\/span><\/td>\n<\/tr>\n<tr valign=\"top\" bgcolor=\"#99FF66\">\n<td width=\"15%\">\n<div align=\"center\"><span style=\"font-size: 10pt;\"><span style=\"font-family: Arial, Helvetica, sans-serif;\"><span style=\"font-family: Verdana, Arial, Helvetica, sans-serif;\">5. Kup<\/span><\/span><\/span><\/div>\n<\/td>\n<td width=\"55%\"><span style=\"font-family: Verdana, Arial, Helvetica, sans-serif; font-size: 10pt;\"><span style=\"font-family: Verdana, Arial, Helvetica, sans-serif;\">Won-Hyo (4. Hyong)<br \/>\n\u00dcberpr\u00fcfung des Vorprogramms<br \/>\n15 Ilbo-Taeryon-Techniken (Einschrittkampf)<br \/>\nChayu-Taeryon (Freikampf)<\/span><\/span><\/td>\n<td width=\"11%\">\n<div align=\"center\"><span style=\"font-family: Verdana, Arial, Helvetica, sans-serif; font-size: 10pt;\">30 \/ 0<\/span><\/div>\n<\/td>\n<td width=\"19%\"><span style=\"font-family: Verdana, Arial, Helvetica, sans-serif; font-size: 10pt;\">Yop-chagi (Seitkick)<\/span><\/td>\n<\/tr>\n<tr valign=\"top\" bgcolor=\"#33CCFF\">\n<td width=\"15%\">\n<div align=\"center\"><span style=\"font-size: 10pt;\"><span style=\"font-family: Arial, Helvetica, sans-serif;\"><span style=\"font-family: Verdana, Arial, Helvetica, sans-serif;\">4. Kup<\/span><\/span><\/span><\/div>\n<\/td>\n<td width=\"55%\"><span style=\"font-family: Verdana, Arial, Helvetica, sans-serif; font-size: 10pt;\"><span style=\"font-family: Verdana, Arial, Helvetica, sans-serif;\">Yul-Kok (5. Hyong)<br \/>\n\u00dcberpr\u00fcfung des Vorprogramms<br \/>\n20 Ilbo-Taeryon-Techniken (Einschrittkampf)<br \/>\nChayu-Taeryon (Freikampf)<\/span><\/span><\/td>\n<td width=\"11%\">\n<div align=\"center\"><span style=\"font-family: Verdana, Arial, Helvetica, sans-serif; font-size: 10pt;\">30 \/ 0<\/span><\/div>\n<\/td>\n<td width=\"19%\"><span style=\"font-family: Verdana, Arial, Helvetica, sans-serif; font-size: 10pt;\">Tollyo-chagi (Rundkick)<\/span><\/td>\n<\/tr>\n<tr valign=\"top\" bgcolor=\"#33CCFF\">\n<td width=\"15%\">\n<div align=\"center\"><span style=\"font-size: 10pt;\"><span style=\"font-family: Arial, Helvetica, sans-serif;\"><span style=\"font-family: Verdana, Arial, Helvetica, sans-serif;\">3. Kup<\/span><\/span><\/span><\/div>\n<\/td>\n<td width=\"55%\"><span style=\"font-family: Verdana, Arial, Helvetica, sans-serif; font-size: 10pt;\"><span style=\"font-family: Verdana, Arial, Helvetica, sans-serif;\">Chun-Gun (6. Hyong)<br \/>\n\u00dcberpr\u00fcfung des Vorprogramms<br \/>\n25 Ilbo-Taeryon-Techniken (Einschrittkampf)<br \/>\nChayu-Taeryon (Freikampf)<\/span><\/span><\/td>\n<td width=\"11%\">\n<div align=\"center\"><span style=\"font-family: Verdana, Arial, Helvetica, sans-serif; font-size: 10pt;\">40 \/ 0<\/span><\/div>\n<\/td>\n<td width=\"19%\"><span style=\"font-family: Verdana, Arial, Helvetica, sans-serif; font-size: 10pt;\">Tora-yop-chagi (Dreh-Seit-Kick)<\/span><\/td>\n<\/tr>\n<tr valign=\"top\" bgcolor=\"#FFCC66\">\n<td width=\"15%\">\n<div align=\"center\"><span style=\"font-size: 10pt;\"><span style=\"font-family: Arial, Helvetica, sans-serif;\"><span style=\"font-family: Verdana, Arial, Helvetica, sans-serif;\">2. Kup<\/span><\/span><\/span><\/div>\n<\/td>\n<td width=\"55%\"><span style=\"font-family: Verdana, Arial, Helvetica, sans-serif; font-size: 10pt;\"><span style=\"font-family: Verdana, Arial, Helvetica, sans-serif;\">Toi-Gye (7. Hyong)<br \/>\n\u00dcberpr\u00fcfung des Vorprogramms<br \/>\n25 Ilbo-Taeryon-Techniken (Einschrittkampf)<br \/>\nHosinsul (Selbstverteidigung)<br \/>\nChayu-Taeryon (Freikampf)<\/span><\/span><\/td>\n<td width=\"11%\">\n<div align=\"center\"><span style=\"font-family: Verdana, Arial, Helvetica, sans-serif; font-size: 10pt;\">40 \/ 0<\/span><\/div>\n<\/td>\n<td width=\"19%\"><span style=\"font-family: Verdana, Arial, Helvetica, sans-serif; font-size: 10pt;\">Palkup-chirugi (Ellbogensto\u00df) und Naeryo-chagi (Fu\u00dfkick senkrecht)<b>(*)<\/b><br \/>\n<\/span><\/td>\n<\/tr>\n<tr valign=\"top\" bgcolor=\"#FFCC66\">\n<td width=\"15%\">\n<div align=\"center\"><span style=\"font-size: 10pt;\"><span style=\"font-family: Arial, Helvetica, sans-serif;\"><span style=\"font-family: Verdana, Arial, Helvetica, sans-serif;\">1. Kup<\/span><\/span><\/span><\/div>\n<\/td>\n<td width=\"55%\"><span style=\"font-family: Verdana, Arial, Helvetica, sans-serif; font-size: 10pt;\"><span style=\"font-family: Verdana, Arial, Helvetica, sans-serif;\">Hwa-Rang (8. Hyong)<br \/>\n\u00dcberpr\u00fcfung des Vorprogramms<br \/>\n30 Ilbo-Taeryon-Techniken (Einschrittkampf)<br \/>\nHosinsul (Selbstverteidigung)<br \/>\nChayu-Taeryon (Freikampf)<br \/>\n\u2013 gegen einen gleich Graduierten und<br \/>\n\u2013 gegen einen h\u00f6her Graduierten<\/span><\/span><\/td>\n<td width=\"11%\">\n<div align=\"center\"><span style=\"font-family: Verdana, Arial, Helvetica, sans-serif; font-size: 10pt;\">80 \/ 30<\/span><\/div>\n<\/td>\n<td width=\"19%\"><span style=\"font-family: Verdana, Arial, Helvetica, sans-serif; font-size: 10pt;\">Kwon-chirugi (Fauststoss) und Pandae-tollyo-chagi (Fersendrehschlag)<b>(*)<\/b><\/span><\/td>\n<\/tr>\n<tr valign=\"top\" bgcolor=\"#666666\">\n<td width=\"15%\" height=\"179\">\n<div align=\"center\"><span style=\"color: #ffffff; font-size: 10pt;\"><span style=\"font-family: Arial, Helvetica, sans-serif;\"><span style=\"font-family: Verdana, Arial, Helvetica, sans-serif;\">1. Dan<\/span><\/span><\/span><\/div>\n<\/td>\n<td width=\"55%\" height=\"179\"><span style=\"font-size: 10pt;\"><span style=\"color: #ffffff; font-family: Verdana, Arial, Helvetica, sans-serif;\">Chung-Mu (9. Hyong)<br \/>\nBassai-Hyong und Naihanchi-Hyong<br \/>\n\u00dcberpr\u00fcfung des Vorprogramms<br \/>\n40 Ilbo-Taeryon-Techniken (Einschrittkampf)<br \/>\n2 x Chayu-Taeryon (Freikampf)<br \/>\n<\/span><span style=\"color: #ffffff; font-family: Verdana, Arial, Helvetica, sans-serif;\">Hosinsul (Selbstverteidigung)<br \/>\nVortrag eines eigenen K\u00fcrprogramms<\/span><\/span><span style=\"font-size: 10pt;\"><span style=\"color: #ffffff; font-family: Verdana, Arial, Helvetica, sans-serif;\">Weitere Voraussetzungen:<br \/>\n\u2013 F\u00e4higkeit zu unterrichten<br \/>\n\u2013 vorbildlicher Trainingseinsatz und Verhalten<br \/>\n\u2013 Einhaltung der Grunds\u00e4tze des Taekwon-Do<br \/>\n\u2013 Theoretisches Grundwissen \u00fcber Geschichte<br \/>\nund Prinzipien des Taekwon-Do, Dojang-Etikette<\/span><span style=\"color: #ffffff;\"><br \/>\n<\/span><\/span><\/td>\n<td width=\"11%\" height=\"179\">\n<div align=\"center\">\n<p><span style=\"color: #ffffff; font-family: Verdana, Arial, Helvetica, sans-serif; font-size: 10pt;\">150 \/ 80<\/span><\/p>\n<p><span style=\"font-size: 10pt; color: #ffffff; font-family: verdana, geneva, sans-serif;\">Mindestens<\/span><br \/>\n<span style=\"font-size: 10pt; color: #ffffff; font-family: verdana, geneva, sans-serif;\"> 1 Jahr Wartezeit<\/span><\/p>\n<\/div>\n<\/td>\n<td width=\"19%\" height=\"179\"><span style=\"color: #ffffff; font-family: Verdana, Arial, Helvetica, sans-serif; font-size: 10pt;\">Kombinationsbruchtest<br \/>\n(mindestens 1 Hand- und 1 Fu\u00dftechnik)<br \/>\n<\/span><\/td>\n<\/tr>\n<tr valign=\"top\" bgcolor=\"#666666\">\n<td width=\"15%\">\n<div align=\"center\"><span style=\"color: #ffffff; font-family: Verdana, Arial, Helvetica, sans-serif; font-size: 10pt;\">2. Dan<\/span><\/div>\n<\/td>\n<td width=\"55%\"><span style=\"font-size: 10pt;\"><span style=\"color: #ffffff; font-family: Verdana, Arial, Helvetica, sans-serif;\">Gwang-Gae (10. Hyong)<br \/>\nPo-Eun (11. Hyong)<br \/>\nGe-Baek (12. Hyong)<br \/>\n\u00dcberpr\u00fcfung des Vorprogramms<br \/>\n50 Ilbo-Taeryon-Techniken (Einschrittkampf)<br \/>\n<\/span><span style=\"color: #ffffff; font-family: Verdana, Arial, Helvetica, sans-serif;\">Hosinsul (Selbstverteidigung)<\/span><span style=\"color: #ffffff; font-family: Verdana, Arial, Helvetica, sans-serif;\"><span style=\"color: #ffffff; font-family: Verdana, Arial, Helvetica, sans-serif;\"><br \/>\n2 x Chayu-Taeryon (Freikampf) davon einer gegen zwei Gegner<br \/>\nVortragen eines eigenen K\u00fcrprogramms im Schwierigkeitsgrad \u00fcber dem Vorprogramm<\/span><\/span><\/span><\/td>\n<td width=\"11%\">\n<div align=\"center\">\n<p><span style=\"color: #ffffff; font-family: Verdana, Arial, Helvetica, sans-serif; font-size: 10pt;\">200 \/ 120<\/span><\/p>\n<p><span style=\"font-size: 10pt; color: #ffffff; font-family: verdana, geneva, sans-serif;\">Mindestens<\/span><br \/>\n<span style=\"font-size: 10pt; color: #ffffff; font-family: verdana, geneva, sans-serif;\"> 2 Jahre Wartezeit<\/span><\/p>\n<\/div>\n<\/td>\n<td width=\"19%\"><span style=\"font-family: verdana, geneva, sans-serif;\"><span style=\"color: #ffffff; font-size: 10pt;\">Kombinationsbruchtest<br \/>\n(mindestens 1 Hand- und 2 Fu\u00dftechnik)<\/span><span style=\"font-size: 10pt; color: #ffffff;\">Schwierigkeitsgrad \u00fcber dem Vorprogramm!<\/span><\/span><\/td>\n<\/tr>\n<tr valign=\"top\" bgcolor=\"#666666\">\n<td width=\"15%\">\n<div align=\"center\"><span style=\"color: #ffffff; font-size: 10pt;\"><span style=\"font-family: Arial, Helvetica, sans-serif;\"><span style=\"font-family: Verdana, Arial, Helvetica, sans-serif;\">3. Dan<\/span><\/span><\/span><\/div>\n<\/td>\n<td width=\"55%\"><span style=\"font-size: 10pt;\"><span style=\"color: #ffffff; font-family: Verdana, Arial, Helvetica, sans-serif;\">Yu-Sin (13. Hyong)<br \/>\nChung-Jang (14. Hyong)<br \/>\nUl-Ji (15. Hyong)<br \/>\n\u00dcberpr\u00fcfung des Vorprogramms<br \/>\nIlbo-Taeryon-Techniken (Einschrittkampf)<br \/>\n<\/span><span style=\"color: #ffffff; font-family: Verdana, Arial, Helvetica, sans-serif;\">Hosinsul (Selbstverteidigung)<\/span><span style=\"color: #ffffff; font-family: Verdana, Arial, Helvetica, sans-serif;\"><span style=\"color: #ffffff; font-family: Verdana, Arial, Helvetica, sans-serif;\"><br \/>\n2 x Chayu-Taeryon (Freikampf) davon einer gegen zwei Gegner<br \/>\nVortragen eines eigenen K\u00fcrprogramms im Schwierigkeitsgrad \u00fcber dem Vorprogramm<\/span><\/span><\/span><\/td>\n<td width=\"11%\">\n<div align=\"center\">\n<p><span style=\"font-family: Verdana, Arial, Helvetica, sans-serif; font-size: 10pt; color: #ffffff;\">300<span style=\"font-family: Verdana, Arial, Helvetica, sans-serif;\">\/ \u2013<\/span><\/span><\/p>\n<p><span style=\"font-size: 10pt; color: #ffffff; font-family: verdana, geneva, sans-serif;\">Trainert\u00e4tigkeit<\/span><\/p>\n<p><span style=\"font-size: 10pt; color: #ffffff; font-family: verdana, geneva, sans-serif;\">Mindestens<\/span><br \/>\n<span style=\"font-size: 10pt; color: #ffffff; font-family: verdana, geneva, sans-serif;\"> 3 Jahre Wartezeit<\/span><\/p>\n<\/div>\n<\/td>\n<td width=\"19%\"><span style=\"color: #ffffff; font-family: Verdana, Arial, Helvetica, sans-serif; font-size: 10pt;\"><span style=\"font-family: Verdana, Arial, Helvetica, sans-serif;\">Kombinationsbruchtest<br \/>\n(mindestens 1 Hand- und 2 Fu\u00dftechnik)<\/span><\/span><span style=\"font-family: verdana, geneva, sans-serif;\"><span style=\"font-size: 10pt; color: #ffffff;\">Frei gehaltenes Brett!<\/span><span style=\"font-size: 10pt; color: #ffffff;\">Schwierigkeitsgrad \u00fcber dem Vorprogramm!<\/span><\/span><\/td>\n<\/tr>\n<tr valign=\"top\" bgcolor=\"#666666\">\n<td width=\"15%\">\n<div align=\"center\"><span style=\"color: #ffffff; font-size: 10pt;\"><span style=\"font-family: Arial, Helvetica, sans-serif;\"><span style=\"font-family: Verdana, Arial, Helvetica, sans-serif;\">4. Dan<\/span><\/span><\/span><\/div>\n<\/td>\n<td width=\"55%\"><span style=\"font-size: 10pt;\"><span style=\"color: #ffffff; font-family: Verdana, Arial, Helvetica, sans-serif;\">Sam-Il (16. Hyong)<br \/>\nKo-Dang (17. Hyong)<br \/>\nChoi-Yong (18. Hyong)<br \/>\n\u00dcberpr\u00fcfung des Vorprogramms<br \/>\nIlbo-Taeryon-Techniken (Einschrittkampf)<br \/>\n<\/span><span style=\"color: #ffffff; font-family: Verdana, Arial, Helvetica, sans-serif;\">Hosinsul (Selbstverteidigung)<\/span><span style=\"color: #ffffff; font-family: Verdana, Arial, Helvetica, sans-serif;\"><span style=\"color: #ffffff; font-family: Verdana, Arial, Helvetica, sans-serif;\"><br \/>\n2 x Chayu-Taeryon (Freikampf) davon einer gegen zwei Gegner<br \/>\n1 Hyong nach eigener Wahl mit eingebautem Bruchtest<br \/>\nVortragen eines eigenen K\u00fcrprogramms im Schwierigkeitsgrad \u00fcber dem Vorprogramm<br \/>\nTheorie:<br \/>\n\u2013 Hyong- oder Selbstverteidigung<br \/>\n\u2013 Erste Hilfe<\/span><\/span><\/span><\/td>\n<td width=\"11%\">\n<div align=\"center\">\n<p><span style=\"font-size: 10pt; color: #ffffff;\"><span style=\"font-family: Verdana, Arial, Helvetica, sans-serif;\">4<\/span><span style=\"font-family: Verdana, Arial, Helvetica, sans-serif;\">00 \/ \u2013<\/span><\/span><\/p>\n<p><span style=\"font-size: 10pt; color: #ffffff; font-family: verdana, geneva, sans-serif;\">Trainert\u00e4tigkeit<\/span><\/p>\n<p><span style=\"font-size: 10pt; color: #ffffff; font-family: verdana, geneva, sans-serif;\">Mindestens<\/span><br \/>\n<span style=\"font-size: 10pt; color: #ffffff; font-family: verdana, geneva, sans-serif;\"> 4 Jahre Wartezeit<\/span><\/p>\n<\/div>\n<\/td>\n<td width=\"19%\"><span style=\"color: #ffffff; font-family: Verdana, Arial, Helvetica, sans-serif; font-size: 10pt;\">Spezialbruchtest nach eigener Wahl<\/span><\/td>\n<\/tr>\n<tr valign=\"top\" bgcolor=\"#666666\">\n<td width=\"15%\">\n<div align=\"center\"><span style=\"color: #ffffff; font-size: 10pt;\"><span style=\"font-family: Arial, Helvetica, sans-serif;\"><span style=\"font-family: Verdana, Arial, Helvetica, sans-serif;\">5. Dan<\/span><\/span><\/span><\/div>\n<\/td>\n<td width=\"55%\"><span style=\"font-size: 10pt;\"><span style=\"color: #ffffff; font-family: Verdana, Arial, Helvetica, sans-serif;\">Se-Yong (19. Hyong)<br \/>\nTong-Il (20. Hyong)<br \/>\n\u00dcberpr\u00fcfung des Vorprogramms<br \/>\nIlbo-Taeryon-Techniken (Einschrittkampf)<br \/>\n<\/span><span style=\"color: #ffffff; font-family: Verdana, Arial, Helvetica, sans-serif;\">Hosinsul (Selbstverteidigung)<\/span><span style=\"color: #ffffff; font-family: Verdana, Arial, Helvetica, sans-serif;\"><span style=\"color: #ffffff; font-family: Verdana, Arial, Helvetica, sans-serif;\"><br \/>\n2 x Chayu-Taeryon (Freikampf) davon einer gegen zwei Gegner<br \/>\n1 Hyong nach eigener Wahl mit eingebautem Bruchtest<br \/>\nVortragen eines eigenen K\u00fcrprogramms im Schwierigkeitsgrad \u00fcber dem Vorprogramm<br \/>\nTheorie:<br \/>\n\u2013 Trainingsaufbau, sportmediz. Fragen<br \/>\n\u2013 Kampftechnik<\/span><\/span><\/span><\/td>\n<td width=\"11%\">\n<div align=\"center\">\n<p><span style=\"font-size: 10pt;\"><span style=\"color: #ffffff; font-family: Verdana, Arial, Helvetica, sans-serif;\">5<\/span><span style=\"font-family: Verdana, Arial, Helvetica, sans-serif;\"><span style=\"color: #ffffff; font-family: Verdana, Arial, Helvetica, sans-serif;\">00 \/ \u2013<\/span><\/span><\/span><\/p>\n<p><span style=\"font-size: 10pt; color: #ffffff; font-family: verdana, geneva, sans-serif;\">Trainert\u00e4tigkeit<\/span><\/p>\n<p><span style=\"font-size: 10pt; color: #ffffff; font-family: verdana, geneva, sans-serif;\">Mindestens<\/span><br \/>\n<span style=\"font-size: 10pt; color: #ffffff; font-family: verdana, geneva, sans-serif;\"> 5 Jahre Wartezeit<\/span><\/p>\n<\/div>\n<\/td>\n<td width=\"19%\"><span style=\"color: #ffffff; font-family: Verdana, Arial, Helvetica, sans-serif; font-size: 10pt;\">Spezialbruchtest nach eigener Wahl<\/span><\/td>\n<\/tr>\n<\/tbody>\n<\/table>\n","protected":false},"excerpt":{"rendered":"<p>Die Mindestanzahl an geforderten Trainingseinheiten (TE) berechnet sich ab der vorhergehenden Pr\u00fcfung und sollte zeitlich zusammenh\u00e4ngend sein. Eine Trainingseinheit entspricht 60 Minuten. Ab der Pr\u00fcfung zum 1. Kup (braun\/schwarz) ist &hellip; <\/p>\n<p class=\"link-more\"><a href=\"https:\/\/taeryon.bayern\/WordPress_02\/index.php\/taekwondo\/theorie\/pruefungsordnung\/pruefungsordnung-erwachsene\/\" class=\"more-link\"><span class=\"screen-reader-text\">\u201ePr\u00fcfungsordnung Erwachsene\u201c<\/span> weiterlesen<\/a><\/p>\n","protected":false},"author":2,"featured_media":0,"parent":150,"menu_order":0,"comment_status":"closed","ping_status":"closed","template":"","meta":{"ngg_post_thumbnail":0,"footnotes":""},"_links":{"self":[{"href":"https:\/\/taeryon.bayern\/WordPress_02\/index.php\/wp-json\/wp\/v2\/pages\/1965"}],"collection":[{"href":"https:\/\/taeryon.bayern\/WordPress_02\/index.php\/wp-json\/wp\/v2\/pages"}],"about":[{"href":"https:\/\/taeryon.bayern\/WordPress_02\/index.php\/wp-json\/wp\/v2\/types\/page"}],"author":[{"embeddable":true,"href":"https:\/\/taeryon.bayern\/WordPress_02\/index.php\/wp-json\/wp\/v2\/users\/2"}],"replies":[{"embeddable":true,"href":"https:\/\/taeryon.bayern\/WordPress_02\/index.php\/wp-json\/wp\/v2\/comments?post=1965"}],"version-history":[{"count":10,"href":"https:\/\/taeryon.bayern\/WordPress_02\/index.php\/wp-json\/wp\/v2\/pages\/1965\/revisions"}],"predecessor-version":[{"id":2244,"href":"https:\/\/taeryon.bayern\/WordPress_02\/index.php\/wp-json\/wp\/v2\/pages\/1965\/revisions\/2244"}],"up":[{"embeddable":true,"href":"https:\/\/taeryon.bayern\/WordPress_02\/index.php\/wp-json\/wp\/v2\/pages\/150"}],"wp:attachment":[{"href":"https:\/\/taeryon.bayern\/WordPress_02\/index.php\/wp-json\/wp\/v2\/media?parent=1965"}],"curies":[{"name":"wp","href":"https:\/\/api.w.org\/{rel}","templated":true}]}}