{"id":1961,"date":"2018-04-10T16:32:39","date_gmt":"2018-04-10T14:32:39","guid":{"rendered":"http:\/\/taeryon.bayern\/WordPress_02\/?page_id=1961"},"modified":"2018-06-07T14:38:27","modified_gmt":"2018-06-07T12:38:27","slug":"etikette","status":"publish","type":"page","link":"https:\/\/taeryon.bayern\/WordPress_02\/index.php\/taekwondo\/theorie\/etikette\/","title":{"rendered":"Etikette"},"content":{"rendered":"<p><span style=\"font-family: verdana, geneva, sans-serif; font-size: 10pt;\">Bei der Aus\u00fcbung von Taekwon-Do ist die Disziplin und die Einhaltung von Regeln sehr wichtig. Dadurch werden einerseits Trainingsverletzungen vermieden und auf der anderen Seite der Respekt zwischen Sch\u00fclern und Lehrer ausgedr\u00fcckt.<\/span><\/p>\n<p><span style=\"font-family: verdana, geneva, sans-serif; font-size: 10pt;\"><b><img loading=\"lazy\" decoding=\"async\" class=\"size-medium wp-image-1329 alignleft\" src=\"https:\/\/taeryon.bayern\/WordPress_02\/wp-content\/uploads\/2018\/01\/Zeremoniell-ohne-unterschrift-300x190.jpg\" alt=\"\" width=\"300\" height=\"190\" srcset=\"https:\/\/taeryon.bayern\/WordPress_02\/wp-content\/uploads\/2018\/01\/Zeremoniell-ohne-unterschrift-300x190.jpg 300w, https:\/\/taeryon.bayern\/WordPress_02\/wp-content\/uploads\/2018\/01\/Zeremoniell-ohne-unterschrift.jpg 368w\" sizes=\"(max-width: 300px) 100vw, 300px\" \/>Training<br \/>\n<\/b><\/span><span style=\"font-family: verdana, geneva, sans-serif; font-size: 10pt;\">Das Training beginnt mit dem Betreten des \u00dcbungsraumes (Dojang). Dies wird durch ein kurzes innehalten und einer Verbeugung gegen\u00fcber dem Lehrer angezeigt. Damit wird zum Ausdruck gebracht, da\u00df der Lehrer und die Trainingspartner geachtet und respektiert werden.<\/span><\/p>\n<p><span style=\"font-family: verdana, geneva, sans-serif; font-size: 10pt;\">Die Sch\u00fcler stellen sich nach G\u00fcrtelfarben geordnet auf, so da\u00df der H\u00f6chstgraduierte vorne Rechts und der niedrigste Farbgurt in der letzten Reihe ganz links steht. Nach der Aufstellung gibt der Rangh\u00f6chste die Kommandos Charyot (Gru\u00dfstellung einnehmen) Kyongie (Verbeugung), woraufhin sich Lehrer und Sch\u00fcler zueinander verbeugen. <\/span><span style=\"font-family: verdana, geneva, sans-serif; font-size: 10pt;\">Das Training wird mit dem gleichen Zeremoniell beendet, wie es begonnen hat. Beim Verlassen des Dojang dreht man sich vor dem Hinausgehen um und verabschiedet sich vom Lehrer durch eine Verbeugung.<\/span><\/p>\n<p><span style=\"font-family: verdana, geneva, sans-serif; font-size: 10pt;\">W\u00e4hrend des Trainings wird normalerweise nicht gesprochen, um die Konzentration nicht zu st\u00f6ren. <\/span><span style=\"font-family: verdana, geneva, sans-serif; font-size: 10pt;\">Wer den Trainingraum verlassen mu\u00df, meldet sich beim Lehrer ab. Dies geschieht neben der H\u00f6flichkeit gegen\u00fcber dem Lehrer auch aus Sicherheitsgr\u00fcnden. <\/span><span style=\"font-family: verdana, geneva, sans-serif; font-size: 10pt;\">Wer zu sp\u00e4t zum Training kommt, darf den Unterricht nicht st\u00f6ren, sondern mu\u00df warten bis der Lehrer ihm anzeigt, mitzumachen. Wer fr\u00fcher gehen mu\u00df, sollte m\u00f6glichst vor dem Unterricht den Lehrer informieren.<\/span><\/p>\n<h4><span style=\"font-family: verdana, geneva, sans-serif; font-size: 10pt;\"><b>Bruchtest<\/b><\/span><\/h4>\n<p><span style=\"font-family: verdana, geneva, sans-serif; font-size: 10pt;\">Vor der Durchf\u00fchrung eines Bruchtestes verbeugt sich der Ausf\u00fchrende vor dem \u00dcbungsleiter, um das Einverst\u00e4ndnis einzuholen einen Gegenstand, zum Beipiel das Holzbrett, zerst\u00f6ren zu d\u00fcrfen.<\/span><\/p>\n<h4><span style=\"font-family: verdana, geneva, sans-serif; font-size: 10pt;\">Kleiderordnung<\/span><\/h4>\n<div id=\"Layer4\">\n<p><span style=\"font-family: verdana, geneva, sans-serif; font-size: 10pt;\">Der Taekwon-Doin tr\u00e4gt einen wei\u00dfen Kampfanzug (Dobok), bestehend aus Jacke und Hose. \u00dcber der Jacke wird ein G\u00fcrtel, der zweimal die Taille umwindet, vorne mit einem Spezialknoten gebunden., so da\u00df beide G\u00fcrtelenden mit einer L\u00e4nge von ca. 30 cm herabh\u00e4ngen.<\/span><\/p>\n<p><span style=\"font-family: verdana, geneva, sans-serif; font-size: 10pt;\">Die Hose ist weit und reicht maximal bis zu den Fu\u00dfkn\u00f6cheln. Sie ist so geschnitten, da\u00df ein seitlicher Spagat m\u00f6glich ist. Die Sch\u00f6\u00dfe der Jacke werden vorne \u00fcbereinander geschlagen und seitlich gebunden.<\/span><\/p>\n<\/div>\n<div>\n<p><span style=\"font-size: 10pt; font-family: verdana, geneva, sans-serif;\">Innerhalb des Taekwon-Do gibt es ein Graduierungssystem f\u00fcr Sch\u00fcler und Meister. Die Sch\u00fclerr\u00e4nge werden Kup und die Meisterr\u00e4nge Dan genannt. Es gibt 10 Sch\u00fcler- und 9 Meistergrade. Der 10. Kup tr\u00e4gt den wei\u00dfen G\u00fcrtel und der 1. Kup den braunen(roten) G\u00fcrtel.<\/span><\/p>\n<p><span style=\"font-size: 10pt; font-family: verdana, geneva, sans-serif;\">Die Schwarzgurt-Tr\u00e4ger oder DAN-Grade werden \u00fcblicherweise als Meister bezeichnet. Doch auch hier gibt es eine Unterscheidung. Erster bis dritter Dan sind Meister-Sch\u00fcler, denn die Ausbildung ist mit dem erreichen des ersten schwarzen G\u00fcrtels noch lange nicht abgeschlossen. Der vierte Dan wird als Lehrer oder Meister angesehen. Ab dem f\u00fcnften Dan beginnen die Gro\u00dfmeister.<\/span><\/p>\n<table style=\"width: 100%;\" width=\"100%\" border=\"0\">\n<tbody>\n<tr>\n<td style=\"width: 31%;\" width=\"31%\"><span style=\"font-family: verdana, geneva, sans-serif; font-size: 10pt;\">Wei\u00df (10.\/9. Kup)<\/span><\/td>\n<td style=\"width: 69%;\" width=\"69%\"><span style=\"font-family: verdana, geneva, sans-serif; font-size: 10pt;\">Symbolisiert die Unwissenheit\/Reinheit<\/span><\/td>\n<\/tr>\n<tr bgcolor=\"#FFFF00\">\n<td style=\"width: 31%;\" width=\"31%\"><span style=\"font-family: verdana, geneva, sans-serif; font-size: 10pt;\">Gelb (8.\/7. Kup)<\/span><\/td>\n<td style=\"width: 69%;\" width=\"69%\"><span style=\"font-family: verdana, geneva, sans-serif; font-size: 10pt;\">Die Farbe der Erde, sie soll Fr\u00fcchte tragen<\/span><\/td>\n<\/tr>\n<tr bgcolor=\"#00FF00\">\n<td style=\"width: 31%;\" width=\"31%\"><span style=\"font-family: verdana, geneva, sans-serif; font-size: 10pt;\">Gr\u00fcn (6.\/5. Kup)<\/span><\/td>\n<td style=\"width: 69%;\" width=\"69%\"><span style=\"font-family: verdana, geneva, sans-serif; font-size: 10pt;\">Die Erde tr\u00e4gt Fr\u00fcchte, die Pflanzen wachsen<\/span><\/td>\n<\/tr>\n<tr bgcolor=\"#0000FF\">\n<td style=\"width: 31%;\" width=\"31%\" height=\"23\"><span style=\"color: #ffffff; font-family: verdana, geneva, sans-serif; font-size: 10pt;\">Blau (4.\/3. Kup)<\/span><\/td>\n<td style=\"width: 69%;\" width=\"69%\" height=\"23\"><span style=\"color: #ffffff; font-family: verdana, geneva, sans-serif; font-size: 10pt;\">Die Farbe des Himmels \u00fcber der Erde<\/span><\/td>\n<\/tr>\n<tr bgcolor=\"#996600\">\n<td style=\"width: 31%;\" width=\"31%\"><span style=\"color: #ffffff; font-family: verdana, geneva, sans-serif; font-size: 10pt;\">Braun\/Rot (2.\/1. Kup)<\/span><\/td>\n<td style=\"width: 69%;\" width=\"69%\"><span style=\"color: #ffffff; font-family: verdana, geneva, sans-serif; font-size: 10pt;\">Die Signalfarbe: Achtung! Bald bist Du Meister.<\/span><\/td>\n<\/tr>\n<tr bgcolor=\"#000000\">\n<td style=\"width: 31%;\" width=\"31%\"><span style=\"color: #ffffff; font-family: verdana, geneva, sans-serif; font-size: 10pt;\">Schwarz<\/span><\/td>\n<td style=\"width: 69%;\" width=\"69%\"><span style=\"color: #ffffff; font-family: verdana, geneva, sans-serif; font-size: 10pt;\">Meistersch\u00fcler 1. \u2013 3. Dan<br \/>\nMeister\/Lehrer 4. Dan<br \/>\nGro\u00dfmeister ab 5. Dan<br \/>\n<\/span><\/td>\n<\/tr>\n<\/tbody>\n<\/table>\n<\/div>\n","protected":false},"excerpt":{"rendered":"<p>Bei der Aus\u00fcbung von Taekwon-Do ist die Disziplin und die Einhaltung von Regeln sehr wichtig. Dadurch werden einerseits Trainingsverletzungen vermieden und auf der anderen Seite der Respekt zwischen Sch\u00fclern und &hellip; <\/p>\n<p class=\"link-more\"><a href=\"https:\/\/taeryon.bayern\/WordPress_02\/index.php\/taekwondo\/theorie\/etikette\/\" class=\"more-link\"><span class=\"screen-reader-text\">\u201eEtikette\u201c<\/span> weiterlesen<\/a><\/p>\n","protected":false},"author":2,"featured_media":0,"parent":141,"menu_order":0,"comment_status":"closed","ping_status":"closed","template":"","meta":{"ngg_post_thumbnail":0,"footnotes":""},"_links":{"self":[{"href":"https:\/\/taeryon.bayern\/WordPress_02\/index.php\/wp-json\/wp\/v2\/pages\/1961"}],"collection":[{"href":"https:\/\/taeryon.bayern\/WordPress_02\/index.php\/wp-json\/wp\/v2\/pages"}],"about":[{"href":"https:\/\/taeryon.bayern\/WordPress_02\/index.php\/wp-json\/wp\/v2\/types\/page"}],"author":[{"embeddable":true,"href":"https:\/\/taeryon.bayern\/WordPress_02\/index.php\/wp-json\/wp\/v2\/users\/2"}],"replies":[{"embeddable":true,"href":"https:\/\/taeryon.bayern\/WordPress_02\/index.php\/wp-json\/wp\/v2\/comments?post=1961"}],"version-history":[{"count":9,"href":"https:\/\/taeryon.bayern\/WordPress_02\/index.php\/wp-json\/wp\/v2\/pages\/1961\/revisions"}],"predecessor-version":[{"id":2051,"href":"https:\/\/taeryon.bayern\/WordPress_02\/index.php\/wp-json\/wp\/v2\/pages\/1961\/revisions\/2051"}],"up":[{"embeddable":true,"href":"https:\/\/taeryon.bayern\/WordPress_02\/index.php\/wp-json\/wp\/v2\/pages\/141"}],"wp:attachment":[{"href":"https:\/\/taeryon.bayern\/WordPress_02\/index.php\/wp-json\/wp\/v2\/media?parent=1961"}],"curies":[{"name":"wp","href":"https:\/\/api.w.org\/{rel}","templated":true}]}}