{"id":150,"date":"2017-12-03T14:15:47","date_gmt":"2017-12-03T13:15:47","guid":{"rendered":"http:\/\/taeryon.bayern\/WordPress_02\/?page_id=150"},"modified":"2018-06-07T14:48:03","modified_gmt":"2018-06-07T12:48:03","slug":"pruefungsordnung","status":"publish","type":"page","link":"https:\/\/taeryon.bayern\/WordPress_02\/index.php\/taekwondo\/theorie\/pruefungsordnung\/","title":{"rendered":"Pr\u00fcfungsordnung"},"content":{"rendered":"<p><span style=\"font-family: Verdana, Arial, Helvetica, sans-serif; font-size: 10pt;\">Taeryon bietet in der Regel zwei mal im Jahr G\u00fcrtelpr\u00fcfungen an, um die n\u00e4chste h\u00f6here G\u00fcrtelfarbe zu erwerben.<\/span><\/p>\n<p><span style=\"font-size: 10pt;\"><span style=\"font-family: Verdana, Arial, Helvetica, sans-serif;\"><b>Zulassung zur Pr\u00fcfung<br \/>\n<\/b><\/span><\/span><span style=\"font-size: 10pt;\"><span style=\"font-family: Verdana, Arial, Helvetica, sans-serif;\">Grunds\u00e4tzlich kann jeder an der Pr\u00fcfung teilnehmen, der das geforderte Pr\u00fcfungsprogramm beherrscht und die geforderte Mindestanzahl an Trainingseinheiten absolviert hat. Ab der Pr\u00fcfung zum 1. Kup (schwarz\/braun) ist zus\u00e4tzlich eine Mindestanzahl von Seminarpunkten nachzuweisen. Mit der geforderten Teilnahme an Seminaren auch au\u00dferhalb des Vereins und in anderen Kampfsportarten, soll der Pr\u00fcfling motiviert werden, andere Trainer und Trainingsmethoden kennen zu lernen, und die Kenntnisse \u00fcber das Taekwon-Do hinaus zu erweitern. Dies ist auch eine Vorbereitung auf eine sp\u00e4tere Trainert\u00e4tigkeit.<\/span><\/span><\/p>\n<p><span style=\"font-family: Verdana, Arial, Helvetica, sans-serif; font-size: 10pt;\">Die Zulassung zur Teilnahme an der Pr\u00fcfung wird von den Trainern des Vereins ausgesprochen. Die Teilnahme ist freiwillig. Der Trainer kann eine Vorpr\u00fcfung durchf\u00fchren zur Feststellung, ob das Pr\u00fcfungsprogramm beherrscht wird.<\/span><\/p>\n<p><span style=\"font-family: Verdana, Arial, Helvetica, sans-serif; font-size: 10pt;\"><b>Pr\u00fcfung<br \/>\n<\/b><\/span><span style=\"font-family: Verdana, Arial, Helvetica, sans-serif; font-size: 10pt;\">Voraussetzung f\u00fcr eine erfolgreiche Pr\u00fcfung sind:<\/span><\/p>\n<ul>\n<li><span style=\"font-family: Verdana, Arial, Helvetica, sans-serif; font-size: 10pt;\">das geforderte Pr\u00fcfungsprogramm wird beherrscht,<\/span><\/li>\n<li><span style=\"font-family: Verdana, Arial, Helvetica, sans-serif; font-size: 10pt;\">die Pr\u00fcfungskomponenten werden \u00fcberzeugend und dynamisch pr\u00e4sentiert,<\/span><\/li>\n<li><span style=\"font-family: Verdana, Arial, Helvetica, sans-serif; font-size: 10pt;\">dem Alter, sowie der physischen und psychischen Konstitution entsprechend wird maximaler Einsatz an Konzentration, Kraft, Schnelligkeit und Beweglichkeit gezeigt,<\/span><\/li>\n<li><span style=\"font-family: Verdana, Arial, Helvetica, sans-serif; font-size: 10pt;\">die Disziplin wird w\u00e4hrend der Pr\u00fcfung eingehalten.<\/span><\/li>\n<li><span style=\"font-family: Verdana, Arial, Helvetica, sans-serif; font-size: 10pt;\">Vor der eigentlichen Pr\u00fcfung wird ein ca. 30 min\u00fctiges Aufw\u00e4rm-Training abgehalten, an dem alle Pr\u00fcflinge teilnehmen m\u00fcssen.<\/span><\/li>\n<\/ul>\n<p><span style=\"font-family: Verdana, Arial, Helvetica, sans-serif; font-size: 10pt;\">Im Allgemeinen wird bis zum n\u00e4chst h\u00f6heren Kup gepr\u00fcft. Bei hervorragender Leistung kann nach Ermessen des Pr\u00fcfers eine Kup-Stufe \u00fcbersprungen werden, wenn vom Pr\u00fcfling das dazu geforderte Pr\u00fcfungsprogramm bereits beherrscht wird. In der Regel kann man aber davon ausgehen, dass ab dem 6. Kup (Gr\u00fcner G\u00fcrtel) nicht mehr \u00fcbersprungen werden kann.<\/span><\/p>\n<p><span style=\"font-family: Verdana, Arial, Helvetica, sans-serif; font-size: 10pt;\">Der neu erworbene G\u00fcrtel darf erst getragen werden, wenn er vom Trainer im Rahmen der G\u00fcrtelzeremonie verliehen wurde.<\/span><\/p>\n<p><span style=\"font-size: 10pt;\"><span style=\"font-family: Verdana, Arial, Helvetica, sans-serif;\"><b>Bekleidung<br \/>\n<\/b><\/span><\/span><span style=\"font-size: 10pt;\"><span style=\"font-family: Verdana, Arial, Helvetica, sans-serif;\">Alle Teilnehmer der G\u00fcrtelpr\u00fcfung m\u00fcssen einen sauberen, wei\u00dfen Taekwon-Do-Anzug tragen. Die G\u00fcrtelfarbe entspricht der aktuellen Graduierung des Pr\u00fcflings.<\/span><\/span><\/p>\n<p><strong><span style=\"font-family: verdana, geneva, sans-serif; font-size: 10pt;\">Pr\u00fcfungsordnung<br \/>\n<\/span><\/strong><span style=\"font-family: verdana, geneva, sans-serif; font-size: 10pt;\">Pr\u00fcfungsordnung f\u00fcr <a href=\"https:\/\/taeryon.bayern\/WordPress_02\/index.php\/taekwondo\/theorie\/pruefungsordnung\/pruefungsordnung-erwachsene\/\">Erwachsene und Jugendliche<\/a>.<br \/>\nPr\u00fcfungsordnung f\u00fcr <a href=\"https:\/\/taeryon.bayern\/WordPress_02\/index.php\/taekwondo\/theorie\/pruefungsordnung\/pruefungsordnung-kinder\/\">Kinder<\/a>.<\/span><\/p>\n","protected":false},"excerpt":{"rendered":"<p>Taeryon bietet in der Regel zwei mal im Jahr G\u00fcrtelpr\u00fcfungen an, um die n\u00e4chste h\u00f6here G\u00fcrtelfarbe zu erwerben. Zulassung zur Pr\u00fcfung Grunds\u00e4tzlich kann jeder an der Pr\u00fcfung teilnehmen, der das &hellip; <\/p>\n<p class=\"link-more\"><a href=\"https:\/\/taeryon.bayern\/WordPress_02\/index.php\/taekwondo\/theorie\/pruefungsordnung\/\" class=\"more-link\"><span class=\"screen-reader-text\">\u201ePr\u00fcfungsordnung\u201c<\/span> weiterlesen<\/a><\/p>\n","protected":false},"author":1,"featured_media":0,"parent":141,"menu_order":0,"comment_status":"closed","ping_status":"closed","template":"","meta":{"ngg_post_thumbnail":0,"footnotes":""},"_links":{"self":[{"href":"https:\/\/taeryon.bayern\/WordPress_02\/index.php\/wp-json\/wp\/v2\/pages\/150"}],"collection":[{"href":"https:\/\/taeryon.bayern\/WordPress_02\/index.php\/wp-json\/wp\/v2\/pages"}],"about":[{"href":"https:\/\/taeryon.bayern\/WordPress_02\/index.php\/wp-json\/wp\/v2\/types\/page"}],"author":[{"embeddable":true,"href":"https:\/\/taeryon.bayern\/WordPress_02\/index.php\/wp-json\/wp\/v2\/users\/1"}],"replies":[{"embeddable":true,"href":"https:\/\/taeryon.bayern\/WordPress_02\/index.php\/wp-json\/wp\/v2\/comments?post=150"}],"version-history":[{"count":10,"href":"https:\/\/taeryon.bayern\/WordPress_02\/index.php\/wp-json\/wp\/v2\/pages\/150\/revisions"}],"predecessor-version":[{"id":2054,"href":"https:\/\/taeryon.bayern\/WordPress_02\/index.php\/wp-json\/wp\/v2\/pages\/150\/revisions\/2054"}],"up":[{"embeddable":true,"href":"https:\/\/taeryon.bayern\/WordPress_02\/index.php\/wp-json\/wp\/v2\/pages\/141"}],"wp:attachment":[{"href":"https:\/\/taeryon.bayern\/WordPress_02\/index.php\/wp-json\/wp\/v2\/media?parent=150"}],"curies":[{"name":"wp","href":"https:\/\/api.w.org\/{rel}","templated":true}]}}