{"id":134,"date":"2017-12-03T14:01:00","date_gmt":"2017-12-03T13:01:00","guid":{"rendered":"http:\/\/taeryon.bayern\/WordPress_02\/?page_id=134"},"modified":"2018-06-07T13:57:13","modified_gmt":"2018-06-07T11:57:13","slug":"hosinsul-selbstverteidigung","status":"publish","type":"page","link":"https:\/\/taeryon.bayern\/WordPress_02\/index.php\/taekwondo\/disziplinen\/hosinsul-selbstverteidigung\/","title":{"rendered":"Hosinsul (Selbstverteidigung)"},"content":{"rendered":"<p><span style=\"font-family: verdana, geneva, sans-serif; font-size: 10pt;\">Unter (SV=) Selbstverteidigung verstehen wir die angemessen Reaktion auf einen bewaffneten oder unbewaffneten Angriff auf die eigene Person, um die eigene Gesundheit oder sogar das eigene Leben zu sch\u00fctzen oder einer dritten, angegriffenen Person zur Hilfe zu kommen.<\/span><\/p>\n<p><span style=\"font-family: verdana, geneva, sans-serif; font-size: 10pt;\"><strong>Taekwon-Do und Selbstverteidigung<\/strong><\/span><br \/>\n<span style=\"font-family: verdana, geneva, sans-serif; font-size: 10pt;\"> Die Selbstverteidigung ist Bestandteil aller Kampfkunst- und Kampfsportarten. Im Taekwon-Do wird fast ausschlie\u00dflich mit Schlagtechniken gearbeitet, deshalb wird ein Taekwon-Do-K\u00e4mpfer immer versuchen einen Angreifer auf Distanz zu halten, um die effektiven und weit reichenden Fu\u00dfkicks einzusetzen. <\/span><span style=\"font-family: verdana, geneva, sans-serif; font-size: 10pt;\">Sollte aber die Distanz \u00fcberwunden werden, k\u00f6nnen diese Techniken nicht mehr wirkungsvoll oder gar nicht angewendet werden. Hier sind dann vielfach Hebel-, Halte-, Befreiungs- oder Wurftechniken gefragt. Diese werden aus anderen Kampfk\u00fcnsten (z.B. Jiu Jitsu, Wing Tsung ) \u00fcbernommen und sind keine origin\u00e4ren Taekwon-Do-Techniken.<\/span><\/p>\n<p><span style=\"font-family: verdana, geneva, sans-serif; font-size: 10pt;\">Das Hosinsul-Training umfasst im Wesentlichen<\/span><br \/>\n<span style=\"font-family: verdana, geneva, sans-serif; font-size: 10pt;\"> \u2013 Befreiung aus Haltetechniken,<\/span><br \/>\n<span style=\"font-family: verdana, geneva, sans-serif; font-size: 10pt;\"> \u2013 Anwendung von Hand-, Arm- und Beinhebeln,<\/span><br \/>\n<span style=\"font-family: verdana, geneva, sans-serif; font-size: 10pt;\"> \u2013 Bodenkampf,<\/span><br \/>\n<span style=\"font-family: verdana, geneva, sans-serif; font-size: 10pt;\"> \u2013 Falltechniken,<\/span><br \/>\n<span style=\"font-family: verdana, geneva, sans-serif; font-size: 10pt;\"> \u2013 Abwehr von Messer- und Stockangriffen,<\/span><br \/>\n<span style=\"font-family: verdana, geneva, sans-serif; font-size: 10pt;\"> \u2013 Wurftechniken<\/span><\/p>\n<p><span style=\"font-family: verdana, geneva, sans-serif; font-size: 10pt;\">Ein Grundsatz im Taekwon-Do lautet nie zuerst anzugreifen. Daraus abgeleitet sind nat\u00fcrlich alle Techniken im Taekwon-Do Verteidigungstechniken. Deshalb umschreibt der Begriff Hosinsul nicht nur die Techniken der Selbstverteidigung an sich, sondern die Gesamtheit einer Verteidigungssituation. <\/span><span style=\"font-family: verdana, geneva, sans-serif; font-size: 10pt;\">In einer Gefahrensituation ist es mir erlaubt alle M\u00f6glichkeiten auszusch\u00f6pfen, um mich zu sch\u00fctzen. Darunter fallen auch Kampftechniken, die im Training oder bei Wettbewerben verboten sind, wie zum Beispiel kratzen, bei\u00dfen oder Schl\u00e4ge unterhalb der G\u00fcrtellinie. Allerdings muss die Verh\u00e4ltnism\u00e4\u00dfigkeit der Mittel gewahrt bleiben.<\/span><\/p>\n<p><span style=\"font-family: verdana, geneva, sans-serif; font-size: 10pt;\"><strong>Verh\u00e4ltnism\u00e4\u00dfigkeit der Mittel<\/strong><\/span><br \/>\n<span style=\"font-family: verdana, geneva, sans-serif; font-size: 10pt;\"> Die Abwehr sollte der Art des Angriffs entsprechen und das mildeste Mittel sein, um den Angriff erfolgreich abzuwehren. Dem Angreifer darf nicht mehr Schaden zugef\u00fcgt werden, als notwendig, um die eigene k\u00f6rperliche Unversehrtheit oder die eines Dritten zu wahren.<\/span><\/p>\n","protected":false},"excerpt":{"rendered":"<p>Unter (SV=) Selbstverteidigung verstehen wir die angemessen Reaktion auf einen bewaffneten oder unbewaffneten Angriff auf die eigene Person, um die eigene Gesundheit oder sogar das eigene Leben zu sch\u00fctzen oder &hellip; <\/p>\n<p class=\"link-more\"><a href=\"https:\/\/taeryon.bayern\/WordPress_02\/index.php\/taekwondo\/disziplinen\/hosinsul-selbstverteidigung\/\" class=\"more-link\"><span class=\"screen-reader-text\">\u201eHosinsul (Selbstverteidigung)\u201c<\/span> weiterlesen<\/a><\/p>\n","protected":false},"author":1,"featured_media":0,"parent":111,"menu_order":5,"comment_status":"closed","ping_status":"closed","template":"","meta":{"ngg_post_thumbnail":0,"footnotes":""},"_links":{"self":[{"href":"https:\/\/taeryon.bayern\/WordPress_02\/index.php\/wp-json\/wp\/v2\/pages\/134"}],"collection":[{"href":"https:\/\/taeryon.bayern\/WordPress_02\/index.php\/wp-json\/wp\/v2\/pages"}],"about":[{"href":"https:\/\/taeryon.bayern\/WordPress_02\/index.php\/wp-json\/wp\/v2\/types\/page"}],"author":[{"embeddable":true,"href":"https:\/\/taeryon.bayern\/WordPress_02\/index.php\/wp-json\/wp\/v2\/users\/1"}],"replies":[{"embeddable":true,"href":"https:\/\/taeryon.bayern\/WordPress_02\/index.php\/wp-json\/wp\/v2\/comments?post=134"}],"version-history":[{"count":8,"href":"https:\/\/taeryon.bayern\/WordPress_02\/index.php\/wp-json\/wp\/v2\/pages\/134\/revisions"}],"predecessor-version":[{"id":2040,"href":"https:\/\/taeryon.bayern\/WordPress_02\/index.php\/wp-json\/wp\/v2\/pages\/134\/revisions\/2040"}],"up":[{"embeddable":true,"href":"https:\/\/taeryon.bayern\/WordPress_02\/index.php\/wp-json\/wp\/v2\/pages\/111"}],"wp:attachment":[{"href":"https:\/\/taeryon.bayern\/WordPress_02\/index.php\/wp-json\/wp\/v2\/media?parent=134"}],"curies":[{"name":"wp","href":"https:\/\/api.w.org\/{rel}","templated":true}]}}