{"id":118,"date":"2017-12-03T13:41:20","date_gmt":"2017-12-03T12:41:20","guid":{"rendered":"http:\/\/taeryon.bayern\/WordPress_02\/?page_id=118"},"modified":"2018-07-15T09:19:20","modified_gmt":"2018-07-15T07:19:20","slug":"hyongs","status":"publish","type":"page","link":"https:\/\/taeryon.bayern\/WordPress_02\/index.php\/taekwondo\/disziplinen\/formen\/hyongs\/","title":{"rendered":"Hyongs"},"content":{"rendered":"<h4><span style=\"font-family: verdana, geneva, sans-serif; font-size: 10pt;\">Das traditionelle Formen-System der 20 Hyongs<\/span><\/h4>\n<p><span style=\"font-family: verdana, geneva, sans-serif; font-size: 10pt;\">Unsere Wurzeln liegen im urspr\u00fcnglichen traditionellen TKD und wir lehren daher in erster Linie dieses Formen-System. Zus\u00e4tzlich werden bei uns noch die Naihanchi und die Bassai Hyong, die zu den \u00e4ltesten bekannten Formen z\u00e4hlen, gelehrt. Beide Formen sind auch in anderen Kampfk\u00fcnsten bekannt, wie zum Beispiel im Karate oder Tang Soo Do.<\/span><\/p>\n<table style=\"width: 579px;\" width=\"579\" cellpadding=\"2px\">\n<tbody>\n<tr style=\"height: 26px;\">\n<td style=\"width: 101.167px; height: 26px;\"><span style=\"font-family: verdana, geneva, sans-serif; font-size: 10pt;\"><strong>Name<\/strong><\/span><\/td>\n<td style=\"width: 462.383px; height: 26px;\"><span style=\"font-family: verdana, geneva, sans-serif; font-size: 10pt;\"><strong>Symbolik \/ Bedeutung \/ Video<br \/>\n<\/strong><\/span><\/td>\n<\/tr>\n<tr style=\"height: 132px;\">\n<td style=\"width: 101.167px; height: 132px;\"><span style=\"font-family: verdana, geneva, sans-serif; font-size: 10pt;\">Saju-Jirugi<\/span><br \/>\n<span style=\"font-family: verdana, geneva, sans-serif; font-size: 10pt;\"> Saju-Makki<\/span><\/td>\n<td style=\"width: 462.383px; height: 132px;\"><span style=\"font-family: verdana, geneva, sans-serif; font-size: 10pt;\">Saju-Jirugi und Saju-Makki (Kreuz-Form-Unten-Block und Kreuz-Form-Oben-Block) sind zwei Vorformen zum Erlernen der ersten Form Chon-Ji.<\/span><br \/>\n<span style=\"font-family: verdana, geneva, sans-serif; font-size: 10pt;\"> Anzahl Bewegungen: 17(Saju-Jirugi) und 19 (Saju-Makki)<\/span><br \/>\n<span style=\"font-family: verdana, geneva, sans-serif; font-size: 10pt;\"> Pr\u00fcfungsformen zum 9. Kup (Wei\u00df\/Gelb-Gurt)<\/span><\/td>\n<\/tr>\n<tr style=\"background-color: #fffc00;\">\n<td style=\"width: 101.167px; height: 132px;\"><span style=\"font-family: verdana, geneva, sans-serif; font-size: 10pt;\">Chon-Ji<\/span><\/td>\n<td style=\"width: 462.383px; height: 132px;\"><span style=\"font-family: verdana, geneva, sans-serif; font-size: 10pt;\">Symbolisiert die Gegens\u00e4tze Yin und Yang und besteht aus zwei Teilen, die Himmel und Erde symbolisieren.<\/span><br \/>\n<span style=\"font-family: verdana, geneva, sans-serif; font-size: 10pt;\"> Anzahl Bewegungen: 19<\/span><br \/>\n<span style=\"font-family: verdana, geneva, sans-serif; font-size: 10pt;\"> Pr\u00fcfungsform zum 8. Kup (Gelb-Gurt)<br \/>\n<a href=\"https:\/\/www.youtube.com\/watch?v=oZ4VRRN9pn4\" target=\"_blank\" rel=\"noopener\">1. Hyong auf Youtube (\u00f6ffnet ein neues Tab)<\/a><br \/>\n<\/span><\/td>\n<\/tr>\n<tr style=\"background-color: #fffc00;\">\n<td style=\"width: 101.167px; height: 132px;\"><span style=\"font-family: verdana, geneva, sans-serif; font-size: 10pt;\">Tan-Gun<\/span><\/td>\n<td style=\"width: 462.383px; height: 132px;\"><span style=\"font-family: verdana, geneva, sans-serif; font-size: 10pt;\">Tan-Gun war ein Heiliger, der Korea im Jahre 2333 v. Chr. gegr\u00fcndet hat.<\/span><br \/>\n<span style=\"font-family: verdana, geneva, sans-serif; font-size: 10pt;\"> Anzahl Bewegungen: 21<\/span><br \/>\n<span style=\"font-family: verdana, geneva, sans-serif; font-size: 10pt;\"> Pr\u00fcfungsform zum 7. Kup (Gelb\/Gr\u00fcn-Gurt)<br \/>\n<a href=\"https:\/\/www.youtube.com\/watch?v=KmB2s0GHvEY\" target=\"_blank\" rel=\"noopener\">2. Hyong auf Youtube (\u00f6ffnet ein neues Tab)<\/a><br \/>\n<\/span><\/td>\n<\/tr>\n<tr style=\"background-color: #00fc00;\">\n<td style=\"width: 101.167px; height: 132px;\"><span style=\"font-family: verdana, geneva, sans-serif; font-size: 10pt;\">To-San<\/span><\/td>\n<td style=\"width: 462.383px; height: 132px;\"><span style=\"font-family: verdana, geneva, sans-serif; font-size: 10pt;\">Pseudonym des Patrioten Ahn Ch\u2019ang Ho. Er widmete sein Leben der Unabh\u00e4ngigkeit und dem Bildungswesen Koreas.<\/span><br \/>\n<span style=\"font-family: verdana, geneva, sans-serif; font-size: 10pt;\"> Anzahl Bewegungen: 24<\/span><br \/>\n<span style=\"font-family: verdana, geneva, sans-serif; font-size: 10pt;\"> Pr\u00fcfungsform zum 6. Kup (Gr\u00fcn-Gurt)<br \/>\n<a href=\"https:\/\/www.youtube.com\/watch?v=YYQ7Q55N_VQ\" target=\"_blank\" rel=\"noopener\">3. Hyong auf Youtube (\u00f6ffnet ein neues Tab)<\/a><br \/>\n<\/span><\/td>\n<\/tr>\n<tr style=\"background-color: #00fc00;\">\n<td style=\"width: 101.167px; height: 132px;\"><span style=\"font-family: verdana, geneva, sans-serif; font-size: 10pt;\">Won-Hyo<\/span><\/td>\n<td style=\"width: 462.383px; height: 132px;\"><span style=\"font-family: verdana, geneva, sans-serif; font-size: 10pt;\">Ein ber\u00fchmter M\u00f6nch, der 686 v. Chr. den Buddhismus in Korea einf\u00fchrte.<\/span><br \/>\n<span style=\"font-family: verdana, geneva, sans-serif; font-size: 10pt;\"> Anzahl Bewegungen: 28<\/span><br \/>\n<span style=\"font-family: verdana, geneva, sans-serif; font-size: 10pt;\"> Pr\u00fcfungsform zum 5. Kup (Gr\u00fcn\/Blau-Gurt)<br \/>\n<a href=\"https:\/\/www.youtube.com\/watch?v=WM6rqD924KE\" target=\"_blank\" rel=\"noopener\">4. Hyong auf Youtube (\u00f6ffnet ein neues Tab)<\/a><br \/>\n<\/span><\/td>\n<\/tr>\n<tr style=\"background-color: #0080ff;\">\n<td style=\"width: 101.167px; height: 132px;\"><span style=\"font-family: verdana, geneva, sans-serif; font-size: 10pt;\">Yul-Kok<\/span><\/td>\n<td style=\"width: 462.383px; height: 132px;\"><span style=\"font-family: verdana, geneva, sans-serif; font-size: 10pt;\">Pseudonym von Yi I, Gelehrter und Philosoph 1536 n. Chr., \u201cKonfuzius von Korea\u201c. Der Geburtsort lag auf dem 38. Breitengrad.<\/span><br \/>\n<span style=\"font-family: verdana, geneva, sans-serif; font-size: 10pt;\"> Anzahl Bewegungen: 38<\/span><br \/>\n<span style=\"font-family: verdana, geneva, sans-serif; font-size: 10pt;\"> Pr\u00fcfungsform zum 4. Kup (Blau-Gurt)<br \/>\n<a href=\"https:\/\/www.youtube.com\/watch?v=LxR0wq7dU1s\" target=\"_blank\" rel=\"noopener\">5. Hyong auf Youtube (\u00f6ffnet ein neues Tab)<\/a><br \/>\n<\/span><\/td>\n<\/tr>\n<tr style=\"background-color: #0080ff;\">\n<td style=\"width: 101.167px; height: 132px;\"><span style=\"font-family: verdana, geneva, sans-serif; font-size: 10pt;\">Chung-Gun<\/span><\/td>\n<td style=\"width: 462.383px; height: 132px;\"><span style=\"font-family: verdana, geneva, sans-serif; font-size: 10pt;\">Koreanischer Patriot, der den ersten japanischen Generalgouverneur t\u00f6tete. Er wurde mit 32 Jahren hingerichtet.<\/span><br \/>\n<span style=\"font-family: verdana, geneva, sans-serif; font-size: 10pt;\"> Anzahl Bewegungen: 32<\/span><br \/>\n<span style=\"font-family: verdana, geneva, sans-serif; font-size: 10pt;\"> Pr\u00fcfungsform zum 3. Kup (Blau\/Braun-Gurt)<br \/>\n<a href=\"https:\/\/www.youtube.com\/watch?v=5rXGTVRfhc8\" target=\"_blank\" rel=\"noopener\">6. Hyong auf Youtube (\u00f6ffnet ein neues Tab)<\/a><br \/>\n<\/span><\/td>\n<\/tr>\n<tr style=\"background-color: #ff8000;\">\n<td style=\"width: 101.167px; height: 132px;\"><span style=\"font-family: verdana, geneva, sans-serif; font-size: 10pt;\">Toi-Gye<\/span><\/td>\n<td style=\"width: 462.383px; height: 132px;\"><span style=\"font-family: verdana, geneva, sans-serif; font-size: 10pt;\">Schriftstellername von Yi Hwang, Gelehrter und Schriftsteller im 16. Jahrhundert, Geburtsort lag auf dem 37. Breitengrad.<\/span><br \/>\n<span style=\"font-family: verdana, geneva, sans-serif; font-size: 10pt;\"> Anzahl Bewegungen: 37<\/span><br \/>\n<span style=\"font-family: verdana, geneva, sans-serif; font-size: 10pt;\"> Pr\u00fcfungsform zum 2. Kup (Braun-Gurt)<br \/>\n<a href=\"https:\/\/www.youtube.com\/watch?v=R6AbWeD-oM8\" target=\"_blank\" rel=\"noopener\">7. Hyong auf Youtube (\u00f6ffnet ein neues Tab)<\/a><br \/>\n<\/span><\/td>\n<\/tr>\n<tr style=\"background-color: #ff8000;\">\n<td style=\"width: 101.167px; height: 132px;\"><span style=\"font-family: verdana, geneva, sans-serif; font-size: 10pt;\">Hwa-Rang<\/span><\/td>\n<td style=\"width: 462.383px; height: 132px;\"><span style=\"font-family: verdana, geneva, sans-serif; font-size: 10pt;\">Hwa-Rang war eine Jugendorganisation um 640 n. Chr., die versuchte die 3 K\u00f6nigreiche Koreas zu vereinigen.<\/span><br \/>\n<span style=\"font-family: verdana, geneva, sans-serif; font-size: 10pt;\"> Anzahl Bewegungen: 29<\/span><br \/>\n<span style=\"font-family: verdana, geneva, sans-serif; font-size: 10pt;\"> Pr\u00fcfungsform zum 1. Kup (Braun\/Schwarz-Gurt)<br \/>\n<a href=\"https:\/\/www.youtube.com\/watch?v=QHi4wd0gods\" target=\"_blank\" rel=\"noopener\">8. Hyong auf Youtube (\u00f6ffnet ein neues Tab)<\/a><br \/>\n<\/span><\/td>\n<\/tr>\n<tr style=\"background-color: #808080;\">\n<td style=\"width: 101.167px; height: 159px;\"><span style=\"font-family: verdana, geneva, sans-serif; font-size: 10pt; color: #ffffff;\">Chung-Mu<\/span><\/td>\n<td style=\"width: 462.383px; height: 159px;\"><span style=\"font-family: verdana, geneva, sans-serif; font-size: 10pt; color: #ffffff;\">Koreanischer Admiral. Erfinder des ersten gepanzerten Kriegsschiffes. Der Angriff mit der linken Hand am Ende der Hyong symbolisiert seinen fr\u00fchen Tod.<\/span><br \/>\n<span style=\"font-family: verdana, geneva, sans-serif; font-size: 10pt; color: #ffffff;\"> Anzahl Bewegungen: 30<\/span><br \/>\n<span style=\"font-family: verdana, geneva, sans-serif; font-size: 10pt;\"><span style=\"color: #ffffff;\"> Pr\u00fcfungsform zum 1. Dan (Schwarz-Gurt Meistersch\u00fcler)<\/span><br \/>\n<span style=\"color: #ffffff;\"><a style=\"color: #ffffff;\" href=\"https:\/\/www.youtube.com\/watch?v=AIVOL3ZtNq4\" target=\"_blank\" rel=\"noopener\">9. Hyong auf Youtube (\u00f6ffnet ein neues Tab)<\/a><\/span><br \/>\n<\/span><\/td>\n<\/tr>\n<tr style=\"background-color: #808080;\">\n<td style=\"width: 101.167px; height: 159px;\"><span style=\"font-family: verdana, geneva, sans-serif; font-size: 10pt; color: #ffffff;\">Gwang-Gae<\/span><\/td>\n<td style=\"width: 462.383px; height: 159px;\"><span style=\"font-family: verdana, geneva, sans-serif; font-size: 10pt; color: #ffffff;\">Der K\u00f6nig Gwang_gae-T\u2019o-Wang, 19. K\u00f6nig der Koguryo Dynastie, eroberte alle vorher verloren gegangenen Gebiete und die Mandschurei zur\u00fcck. Er herrschte 39 Jahre.<\/span><br \/>\n<span style=\"font-family: verdana, geneva, sans-serif; font-size: 10pt; color: #ffffff;\"> Anzahl Bewegungen: 30<\/span><br \/>\n<span style=\"font-family: verdana, geneva, sans-serif; font-size: 10pt; color: #ffffff;\"> Pr\u00fcfungsform zum 2. Dan (Schwarz-Gurt Meistersch\u00fcler)<br \/>\n<a style=\"color: #ffffff;\" href=\"https:\/\/www.youtube.com\/watch?v=V20pn8yIjmg\" target=\"_blank\" rel=\"noopener\">10. Hyong auf Youtube (\u00f6ffnet ein neues Tab)<\/a><br \/>\n<\/span><\/td>\n<\/tr>\n<tr style=\"background-color: #808080;\">\n<td style=\"width: 101.167px; height: 132px;\"><span style=\"font-family: verdana, geneva, sans-serif; font-size: 10pt; color: #ffffff;\">Po-Eun<\/span><\/td>\n<td style=\"width: 462.383px; height: 132px;\"><span style=\"font-family: verdana, geneva, sans-serif; font-size: 10pt; color: #ffffff;\">Chong Mong-Chu war ein ber\u00fchmter Dichter in Korea undlebte 1400 n. Chr. Er wurde auch Po-Eun genannt.<\/span><br \/>\n<span style=\"font-family: verdana, geneva, sans-serif; font-size: 10pt; color: #ffffff;\"> Anzahl Bewegungen: 36<\/span><br \/>\n<span style=\"font-family: verdana, geneva, sans-serif; font-size: 10pt; color: #ffffff;\"> Pr\u00fcfungsform zum 2. Dan (Schwarz-Gurt Meistersch\u00fcler)<br \/>\n<a style=\"color: #ffffff;\" href=\"https:\/\/www.youtube.com\/watch?v=TvxhhaGuG1g\" target=\"_blank\" rel=\"noopener\">11. Hyong auf Youtube (\u00f6ffnet ein neues Tab)<\/a><br \/>\n<\/span><\/td>\n<\/tr>\n<tr style=\"background-color: #808080;\">\n<td style=\"width: 101.167px; height: 106px;\"><span style=\"font-family: verdana, geneva, sans-serif; font-size: 10pt; color: #ffffff;\">Ge-Baek<\/span><\/td>\n<td style=\"width: 462.383px; height: 106px;\"><span style=\"font-family: verdana, geneva, sans-serif; font-size: 10pt; color: #ffffff;\">Ge-Baek war ein ber\u00fchmter General, der ca. 660 n. Chr. lebte.<\/span><br \/>\n<span style=\"font-family: verdana, geneva, sans-serif; font-size: 10pt; color: #ffffff;\"> Anzahl Bewegungen: 44<\/span><br \/>\n<span style=\"font-family: verdana, geneva, sans-serif; font-size: 10pt; color: #ffffff;\"> Pr\u00fcfungsform zum 2. Dan (Schwarz-Gurt Meistersch\u00fcler)<br \/>\n<a style=\"color: #ffffff;\" href=\"https:\/\/www.youtube.com\/watch?v=dYUovEbGE2Y\" target=\"_blank\" rel=\"noopener\">12. Hyong auf Youtube (\u00f6ffnet ein neues Tab)<\/a><br \/>\n<\/span><\/td>\n<\/tr>\n<tr style=\"background-color: #808080;\">\n<td style=\"width: 101.167px; height: 132px;\"><span style=\"font-family: verdana, geneva, sans-serif; font-size: 10pt; color: #ffffff;\">Yu-Sin<\/span><\/td>\n<td style=\"width: 462.383px; height: 132px;\"><span style=\"font-family: verdana, geneva, sans-serif; font-size: 10pt; color: #ffffff;\">Kim Yu Sin war ein koreanischer General, der das dreigeteilte Korea w\u00e4hrend der Silla-Dynastie 668 n.Chr. vereinigte.<\/span><br \/>\n<span style=\"font-family: verdana, geneva, sans-serif; font-size: 10pt; color: #ffffff;\"> Anzahl Bewegungen: 68<\/span><br \/>\n<span style=\"font-family: verdana, geneva, sans-serif; font-size: 10pt; color: #ffffff;\"> Pr\u00fcfungsform zum 3. Dan (Schwarz-Gurt Meistersch\u00fcler)<br \/>\n<a style=\"color: #ffffff;\" href=\"https:\/\/www.youtube.com\/watch?v=xPVluT46LPM\" target=\"_blank\" rel=\"noopener\">13. Hyong auf Youtube (\u00f6ffnet ein neues Tab)<\/a><br \/>\n<\/span><\/td>\n<\/tr>\n<tr style=\"background-color: #808080;\">\n<td style=\"width: 101.167px; height: 159px;\"><span style=\"font-family: verdana, geneva, sans-serif; font-size: 10pt; color: #ffffff;\">Chung-Jang<\/span><\/td>\n<td style=\"width: 462.383px; height: 159px;\"><span style=\"font-family: verdana, geneva, sans-serif; font-size: 10pt; color: #ffffff;\">Pseudonym des Generals Kim Duk Ryang, 15. Jahrhundert Yi Dynastie. Linksh\u00e4ndiger Angriff am Schluss symbolisiert fr\u00fchen Tod im Gef\u00e4ngnis.<\/span><br \/>\n<span style=\"font-family: verdana, geneva, sans-serif; font-size: 10pt; color: #ffffff;\"> Anzahl Bewegungen: 52<\/span><br \/>\n<span style=\"font-family: verdana, geneva, sans-serif; font-size: 10pt; color: #ffffff;\"> Pr\u00fcfungsform zum 3. Dan (Schwarz-Gurt Meistersch\u00fcler)<br \/>\n<a style=\"color: #ffffff;\" href=\"https:\/\/www.youtube.com\/watch?v=S2McdvPhpsY\" target=\"_blank\" rel=\"noopener\">14. Hyong auf Youtube (\u00f6ffnet ein neues Tab)<\/a><br \/>\n<\/span><\/td>\n<\/tr>\n<tr style=\"background-color: #808080;\">\n<td style=\"width: 101.167px; height: 132px;\"><span style=\"font-family: verdana, geneva, sans-serif; font-size: 10pt; color: #ffffff;\">Ul-Ji<\/span><\/td>\n<td style=\"width: 462.383px; height: 132px;\"><span style=\"font-family: verdana, geneva, sans-serif; font-size: 10pt; color: #ffffff;\">Ul Ji Min Duk war ein koreanischer General, der im 7. Jahrhundert Korea gegen eine chinesische Invasion verteidigte.<\/span><br \/>\n<span style=\"font-family: verdana, geneva, sans-serif; font-size: 10pt; color: #ffffff;\"> Anzahl Bewegungen: 42<\/span><br \/>\n<span style=\"font-family: verdana, geneva, sans-serif; font-size: 10pt; color: #ffffff;\"> Pr\u00fcfungsform zum 3. Dan (Schwarz-Gurt Meistersch\u00fcler)<br \/>\n<a style=\"color: #ffffff;\" href=\"https:\/\/www.youtube.com\/watch?v=QnXb84JDvYY\" target=\"_blank\" rel=\"noopener\">15. Hyong auf Youtube (\u00f6ffnet ein neues Tab)<\/a><br \/>\n<\/span><\/td>\n<\/tr>\n<tr style=\"background-color: #808080;\">\n<td style=\"width: 101.167px; height: 159px;\"><span style=\"font-family: verdana, geneva, sans-serif; font-size: 10pt; color: #ffffff;\">Sam-Il<\/span><\/td>\n<td style=\"width: 462.383px; height: 159px;\"><span style=\"font-family: verdana, geneva, sans-serif; font-size: 10pt; color: #ffffff;\">Sam Il ist der koreanische Unabh\u00e4ngigkeitstag, der an den Volksaufstand am 1. M\u00e4rz 1919 erinnert. 33 Patrioten organisierten die Bewegung.<\/span><br \/>\n<span style=\"font-family: verdana, geneva, sans-serif; font-size: 10pt; color: #ffffff;\"> Anzahl Bewegungen: 33<\/span><br \/>\n<span style=\"font-family: verdana, geneva, sans-serif; font-size: 10pt; color: #ffffff;\"> Pr\u00fcfungsform zum 4. Dan (Schwarz-Gurt Meister)<br \/>\n<a style=\"color: #ffffff;\" href=\"https:\/\/www.youtube.com\/watch?v=qqoyXSIVVvA\" target=\"_blank\" rel=\"noopener\">16. Hyong auf Youtube (\u00f6ffnet ein neues Tab)<\/a><br \/>\n<\/span><\/td>\n<\/tr>\n<tr style=\"background-color: #808080;\">\n<td style=\"width: 101.167px; height: 185px;\"><span style=\"font-family: verdana, geneva, sans-serif; font-size: 10pt; color: #ffffff;\">Ko-Dang<\/span><\/td>\n<td style=\"width: 462.383px; height: 185px;\"><span style=\"font-family: verdana, geneva, sans-serif; font-size: 10pt; color: #ffffff;\">Pseudonym des Patrioten Cho Man Sik, der sein Leben der Unabh\u00e4ngigkeitsbewegung und der Erziehung seines Volkes weihte. Die 39 Bewegungen symbolisieren die Zahl seiner Gef\u00e4ngnis-Aufenthalte und seine Geburtsort, der auf dem 39. Breitengrad lag.<\/span><br \/>\n<span style=\"font-family: verdana, geneva, sans-serif; font-size: 10pt; color: #ffffff;\"> Anzahl Bewegungen: 39<\/span><br \/>\n<span style=\"font-family: verdana, geneva, sans-serif; font-size: 10pt; color: #ffffff;\"> Pr\u00fcfungsform zum 4. Dan (Schwarz-Gurt Meister)<br \/>\n<a style=\"color: #ffffff;\" href=\"https:\/\/www.youtube.com\/watch?v=tbA9e10Kt4k\" target=\"_blank\" rel=\"noopener\">17. Hyong auf Youtube (\u00f6ffnet ein neues Tab)<\/a><br \/>\n<\/span><\/td>\n<\/tr>\n<tr style=\"background-color: #808080;\">\n<td style=\"width: 101.167px; height: 132px;\"><span style=\"font-family: verdana, geneva, sans-serif; font-size: 10pt; color: #ffffff;\">Choi-Yong<\/span><\/td>\n<td style=\"width: 462.383px; height: 132px;\"><span style=\"font-family: verdana, geneva, sans-serif; font-size: 10pt; color: #ffffff;\">General Choi Yong, Premierminister und Oberbefehlshaber im 14. Jahrhundert.<\/span><br \/>\n<span style=\"font-family: verdana, geneva, sans-serif; font-size: 10pt; color: #ffffff;\"> Anzahl Bewegungen: 45<\/span><br \/>\n<span style=\"font-family: verdana, geneva, sans-serif; font-size: 10pt; color: #ffffff;\"> Pr\u00fcfungsform zum 4. Dan (Schwarz-Gurt Meister)<br \/>\n<a style=\"color: #ffffff;\" href=\"https:\/\/www.youtube.com\/watch?v=s0Wenh80zDM\" target=\"_blank\" rel=\"noopener\">18. Hyong auf Youtube (\u00f6ffnet ein neues Tab)<\/a><br \/>\n<\/span><\/td>\n<\/tr>\n<tr style=\"background-color: #808080;\">\n<td style=\"width: 101.167px; height: 159px;\"><span style=\"font-family: verdana, geneva, sans-serif; font-size: 10pt; color: #ffffff;\">Se-Jong<\/span><\/td>\n<td style=\"width: 462.383px; height: 159px;\"><span style=\"font-family: verdana, geneva, sans-serif; font-size: 10pt; color: #ffffff;\">Se Jong war ein koreanischer K\u00f6nig, Meteorologe und Erfinder der koreanischen Schrift. Die 24 Bewegungen stehen f\u00fcr die 24 Buchstaben des koreanischen Alphabets.<\/span><br \/>\n<span style=\"font-family: verdana, geneva, sans-serif; font-size: 10pt; color: #ffffff;\"> Anzahl Bewegungen: 24<\/span><br \/>\n<span style=\"font-family: verdana, geneva, sans-serif; font-size: 10pt; color: #ffffff;\"> Pr\u00fcfungsform zum 5. Dan (Schwarz-Gurt Gro\u00dfmeister)<br \/>\n<a style=\"color: #ffffff;\" href=\"https:\/\/www.youtube.com\/watch?v=xxgaT89jm9g\" target=\"_blank\" rel=\"noopener\">19. Hyong auf Youtube (\u00f6ffnet ein neues Tab)<\/a><br \/>\n<\/span><\/td>\n<\/tr>\n<tr style=\"background-color: #808080;\">\n<td style=\"width: 101.167px; height: 132px;\"><span style=\"font-family: verdana, geneva, sans-serif; font-size: 10pt; color: #ffffff;\">Tong-Il<\/span><\/td>\n<td style=\"width: 462.383px; height: 132px;\"><span style=\"font-family: verdana, geneva, sans-serif; font-size: 10pt; color: #ffffff;\">Steht f\u00fcr das Bestreben nach Wiedervereinigung des seit 1945 gespaltenen Landes Korea in eine Nord- und S\u00fcdh\u00e4lfte.<\/span><br \/>\n<span style=\"font-family: verdana, geneva, sans-serif; font-size: 10pt; color: #ffffff;\"> Anzahl Bewegungen: 56<\/span><br \/>\n<span style=\"font-family: verdana, geneva, sans-serif; font-size: 10pt; color: #ffffff;\"> Pr\u00fcfungsform zum 5. Dan (Schwarz-Gurt Gro\u00dfmeister)<br \/>\n<a style=\"color: #ffffff;\" href=\"https:\/\/www.youtube.com\/watch?v=mP0g3S05IgA\" target=\"_blank\" rel=\"noopener\">20. Hyong auf Youtube (\u00f6ffnet ein neues Tab)<\/a><br \/>\n<\/span><\/td>\n<\/tr>\n<\/tbody>\n<\/table>\n<p><span style=\"font-family: verdana, geneva, sans-serif; font-size: 10pt;\">Anfang der 1970-er Jahre entwickelte General Choi Hong-Hi vier weitere Formen. Die 24 Formen symbolisieren die 24 Stunden eines Tages und ein Tag das Leben eines Menschen im Vergleich zur Ewigkeit.<\/span><\/p>\n<table width=\"887\">\n<tbody>\n<tr>\n<td width=\"116\"><span style=\"font-family: verdana, geneva, sans-serif; font-size: 10pt;\">Eui-Am<\/span><\/td>\n<td width=\"663\"><span style=\"font-family: verdana, geneva, sans-serif; font-size: 10pt;\">Eui-Am ist das Pseudonym des Son Byong Hi, der am 1. M\u00e4rz 1919 die koreanische Unabh\u00e4ngigkeitsbewegung leitete.<\/span><br \/>\n<span style=\"font-family: verdana, geneva, sans-serif; font-size: 10pt;\"> Anzahl Bewegungen: 45<\/span><\/td>\n<\/tr>\n<tr>\n<td width=\"116\"><span style=\"font-family: verdana, geneva, sans-serif; font-size: 10pt;\">Yon-Gae<\/span><\/td>\n<td width=\"663\"><span style=\"font-family: verdana, geneva, sans-serif; font-size: 10pt;\">Yon-Gae Hyong wurde dem General Yon-Gae Somun gewidmet.<\/span><br \/>\n<span style=\"font-family: verdana, geneva, sans-serif; font-size: 10pt;\"> Anzahl Bewegungen: 49<\/span><\/td>\n<\/tr>\n<tr>\n<td width=\"116\"><span style=\"font-family: verdana, geneva, sans-serif; font-size: 10pt;\">Moon-Mo<\/span><\/td>\n<td width=\"663\"><span style=\"font-family: verdana, geneva, sans-serif; font-size: 10pt;\">Diese Form ist zu Ehren des 13. K\u00f6nigs Moon-Mo der Silla Dynastie benannt. Die 61 Bewegungen stehen f\u00fcr die letzten beiden Ziffern des Jahres 661 n. Chr., der Thronbesteigung von Moon-Mo.<\/span><br \/>\n<span style=\"font-family: verdana, geneva, sans-serif; font-size: 10pt;\"> Anzahl Bewegungen: 61<\/span><\/td>\n<\/tr>\n<tr>\n<td width=\"116\"><span style=\"font-family: verdana, geneva, sans-serif; font-size: 10pt;\">So-San<\/span><\/td>\n<td width=\"663\"><span style=\"font-family: verdana, geneva, sans-serif; font-size: 10pt;\">So-San war das Pseudonym des M\u00f6nches Choi Hyung Ung (1520 \u2013 1604).<\/span><br \/>\n<span style=\"font-family: verdana, geneva, sans-serif; font-size: 10pt;\"> Anzahl Bewegungen: 72<\/span><\/td>\n<\/tr>\n<\/tbody>\n<\/table>\n<p><img loading=\"lazy\" decoding=\"async\" class=\"wp-image-2268 alignright\" style=\"font-family: verdana, geneva, sans-serif; font-size: 13.3333px;\" src=\"https:\/\/taeryon.bayern\/WordPress_02\/wp-content\/uploads\/2018\/07\/hyongs1-300x200.jpg\" alt=\"\" width=\"582\" height=\"388\" srcset=\"https:\/\/taeryon.bayern\/WordPress_02\/wp-content\/uploads\/2018\/07\/hyongs1-300x200.jpg 300w, https:\/\/taeryon.bayern\/WordPress_02\/wp-content\/uploads\/2018\/07\/hyongs1-768x512.jpg 768w, https:\/\/taeryon.bayern\/WordPress_02\/wp-content\/uploads\/2018\/07\/hyongs1-1024x683.jpg 1024w\" sizes=\"(max-width: 582px) 100vw, 582px\" \/><\/p>\n<p><span style=\"font-family: verdana, geneva, sans-serif; font-size: 10pt;\">In den 1980-er Jahren ersetzte General Choi Hong-Hi dann die Ko-Dang durch eine weitere neue Form Juche. <\/span><span style=\"font-family: verdana, geneva, sans-serif; font-size: 10pt;\">Juche steht f\u00fcr die Idee, dass der Mensch alles beherrscht und alles entscheidet. <\/span><span style=\"font-family: verdana, geneva, sans-serif; font-size: 10pt;\">Anzahl Bewegungen: 45. <\/span><span style=\"font-family: verdana, geneva, sans-serif; font-size: 10pt;\">In der weiteren Entwicklung wurde das Formen-System der 24 Hyongs von der ITF unter Choi Hong-Hi in TULs umbenannt und in der Ausf\u00fchrung um die sogenannte \u201eSinuswelle\u201c erweitert, die zu einem neuen Bewegung- und Atem-Rhythmus beim Laufen einer Form f\u00fchrte. Der K\u00f6rperschwerpunkt wird Sinus-Wellenf\u00f6rmig auf und ab bewegt, sowohl in der Vorw\u00e4rtsbewegung als auch im Stand. Die Techniken selbst und die Reihenfolge der Techniken hingegen sind gleich geblieben.<\/span><\/p>\n","protected":false},"excerpt":{"rendered":"<p>Das traditionelle Formen-System der 20 Hyongs Unsere Wurzeln liegen im urspr\u00fcnglichen traditionellen TKD und wir lehren daher in erster Linie dieses Formen-System. Zus\u00e4tzlich werden bei uns noch die Naihanchi und &hellip; <\/p>\n<p class=\"link-more\"><a href=\"https:\/\/taeryon.bayern\/WordPress_02\/index.php\/taekwondo\/disziplinen\/formen\/hyongs\/\" class=\"more-link\"><span class=\"screen-reader-text\">\u201eHyongs\u201c<\/span> weiterlesen<\/a><\/p>\n","protected":false},"author":1,"featured_media":0,"parent":116,"menu_order":0,"comment_status":"closed","ping_status":"closed","template":"","meta":{"ngg_post_thumbnail":0,"footnotes":""},"_links":{"self":[{"href":"https:\/\/taeryon.bayern\/WordPress_02\/index.php\/wp-json\/wp\/v2\/pages\/118"}],"collection":[{"href":"https:\/\/taeryon.bayern\/WordPress_02\/index.php\/wp-json\/wp\/v2\/pages"}],"about":[{"href":"https:\/\/taeryon.bayern\/WordPress_02\/index.php\/wp-json\/wp\/v2\/types\/page"}],"author":[{"embeddable":true,"href":"https:\/\/taeryon.bayern\/WordPress_02\/index.php\/wp-json\/wp\/v2\/users\/1"}],"replies":[{"embeddable":true,"href":"https:\/\/taeryon.bayern\/WordPress_02\/index.php\/wp-json\/wp\/v2\/comments?post=118"}],"version-history":[{"count":23,"href":"https:\/\/taeryon.bayern\/WordPress_02\/index.php\/wp-json\/wp\/v2\/pages\/118\/revisions"}],"predecessor-version":[{"id":2321,"href":"https:\/\/taeryon.bayern\/WordPress_02\/index.php\/wp-json\/wp\/v2\/pages\/118\/revisions\/2321"}],"up":[{"embeddable":true,"href":"https:\/\/taeryon.bayern\/WordPress_02\/index.php\/wp-json\/wp\/v2\/pages\/116"}],"wp:attachment":[{"href":"https:\/\/taeryon.bayern\/WordPress_02\/index.php\/wp-json\/wp\/v2\/media?parent=118"}],"curies":[{"name":"wp","href":"https:\/\/api.w.org\/{rel}","templated":true}]}}